{"id":620,"date":"2019-04-14T13:01:48","date_gmt":"2019-04-14T12:01:48","guid":{"rendered":"http:\/\/806-Aphrodite.de\/?page_id=620"},"modified":"2021-02-06T16:18:26","modified_gmt":"2021-02-06T15:18:26","slug":"krantermin-an-der-schlei","status":"publish","type":"page","link":"https:\/\/806-aphrodite.de\/?page_id=620","title":{"rendered":"1- Von der Schlei nach Warnem\u00fcnde"},"content":{"rendered":"<p>Nachdem das Boot z\u00fcgig ins Wasser der Schlei kam, konnte ich mit dem Ausr\u00fcsten und Beladen beginnen. Sechsmal frage mich die Kassiererin im Penny-Markt am Hafen, ob ich \u201eTreuepunkte\u201c sammle. Ich h\u00e4tte am Anfang JA sagen sollen, um die \u201etollen\u201c Dinge zu bekommen, aber ihr freudlichen L\u00e4cheln war mir Lohn genug. Nun war aber alles eingekauft und verstaut. Ist schon erstaunlich was in eine 806 so reinpasst. Aber &#8230;<\/p>\n<p>Der erste Schlag ging kreuzend nach Maasholm durch eine Heerscharen von Heringsangler. Gut war, dass sie im Wasser stehend eine Markierung der senkrecht abfallenden Fahrrinne f\u00fcr mich war. Jetzt merke ich doch deutlich, dass nicht mehr das agile Regatterschiff sondern ein tr\u00e4ges Fahrtenboot steuere. Wir hatten einen tollen und f\u00fcr mich unvergessenen Abschiedsabend mit meiner Familie, die das Losmachen schon erschwerte. Aber mein Sohn wollte mich beim ersten Schlag begleiten. Auf Gehts nach Wendtorf.<\/p>\n<figure id=\"attachment_633\" aria-describedby=\"caption-attachment-633\" style=\"width: 702px\" class=\"wp-caption aligncenter\"><img loading=\"lazy\" decoding=\"async\" class=\"wp-image-633\" src=\"https:\/\/806.thomaskirche-kalender.de\/wp-content\/uploads\/2019\/04\/FB867E2C-ACF0-459A-AC73-DD73DEABD293-1024x768.jpeg\" alt=\"\" width=\"702\" height=\"526\" srcset=\"https:\/\/806-aphrodite.de\/wp-content\/uploads\/2019\/04\/FB867E2C-ACF0-459A-AC73-DD73DEABD293-1024x768.jpeg 1024w, https:\/\/806-aphrodite.de\/wp-content\/uploads\/2019\/04\/FB867E2C-ACF0-459A-AC73-DD73DEABD293-300x225.jpeg 300w, https:\/\/806-aphrodite.de\/wp-content\/uploads\/2019\/04\/FB867E2C-ACF0-459A-AC73-DD73DEABD293-768x576.jpeg 768w, https:\/\/806-aphrodite.de\/wp-content\/uploads\/2019\/04\/FB867E2C-ACF0-459A-AC73-DD73DEABD293.jpeg 1600w\" sizes=\"auto, (max-width: 702px) 100vw, 702px\" \/><figcaption id=\"caption-attachment-633\" class=\"wp-caption-text\"><em>Abschied von Maasholm<\/em><\/figcaption><\/figure>\n<p>Mit Genacker waren wir die Kings bei wenig raumen Wind und \u00fcberholten sogar eine X99. Der Eigner machte sofort ein Foto und schrie zu seiner Frau \u201eSo ein Genacker muss ich auch haben\u201c. &nbsp;Aber dann kam ein Schweinswalp\u00e4rchen und hat die <i>Aphrodite<\/i> adoptiert. Sie versuchten immer wieder ihren B\u00e4uche an der <i>Aphrodite<\/i> zu reiben. Ein fast eine Stunde lang unvergessene Begegnung einer anderen Art.<\/p>\n<figure id=\"attachment_634\" aria-describedby=\"caption-attachment-634\" style=\"width: 700px\" class=\"wp-caption aligncenter\"><img loading=\"lazy\" decoding=\"async\" class=\"wp-image-634\" src=\"https:\/\/806.thomaskirche-kalender.de\/wp-content\/uploads\/2019\/04\/689DE39E-1925-4D12-A821-63147DFD06FE-e1555919071997-1024x959.jpeg\" alt=\"\" width=\"700\" height=\"655\" srcset=\"https:\/\/806-aphrodite.de\/wp-content\/uploads\/2019\/04\/689DE39E-1925-4D12-A821-63147DFD06FE-e1555919071997-1024x959.jpeg 1024w, https:\/\/806-aphrodite.de\/wp-content\/uploads\/2019\/04\/689DE39E-1925-4D12-A821-63147DFD06FE-e1555919071997-300x281.jpeg 300w, https:\/\/806-aphrodite.de\/wp-content\/uploads\/2019\/04\/689DE39E-1925-4D12-A821-63147DFD06FE-e1555919071997-768x719.jpeg 768w, https:\/\/806-aphrodite.de\/wp-content\/uploads\/2019\/04\/689DE39E-1925-4D12-A821-63147DFD06FE-e1555919071997.jpeg 1200w\" sizes=\"auto, (max-width: 700px) 100vw, 700px\" \/><figcaption id=\"caption-attachment-634\" class=\"wp-caption-text\"><em>Schweinswale begleiten uns<\/em><\/figcaption><\/figure>\n<p>Der Hafen von Wendtorf ist ein \u00dcbernachtungshafen auf meinen Weg durch die Schie\u00dfgebiete Todendorf und Putlos. Hier verlie\u00df mich mein Sohn und es ging nun alleine bei 15 Kn Wind gegenan bis Heiligenhafen weiter. Die Aphrodite erweist sich als ein sehr ausgewogenes Schiff, sodass ich, einmal die Segel richtig getrimmt bei ca 12Kn Wind, die Pinne fast eine Stunde verlassen kann. 38 sm bei herrlichsten Segelwetter gingen dann nach 9 Stunden im Touristenort Heiligenhafen zu Ende. &nbsp;Hier werde ich den aufziehenden Sturm \u201eabwettern\u201c.<\/p>\n<figure id=\"attachment_636\" aria-describedby=\"caption-attachment-636\" style=\"width: 701px\" class=\"wp-caption aligncenter\"><img loading=\"lazy\" decoding=\"async\" class=\"wp-image-636\" src=\"https:\/\/806.thomaskirche-kalender.de\/wp-content\/uploads\/2019\/04\/87811C3A-A20F-44E1-BDD7-B57FDBC67364-1024x768.jpeg\" alt=\"\" width=\"701\" height=\"526\" srcset=\"https:\/\/806-aphrodite.de\/wp-content\/uploads\/2019\/04\/87811C3A-A20F-44E1-BDD7-B57FDBC67364-1024x768.jpeg 1024w, https:\/\/806-aphrodite.de\/wp-content\/uploads\/2019\/04\/87811C3A-A20F-44E1-BDD7-B57FDBC67364-300x225.jpeg 300w, https:\/\/806-aphrodite.de\/wp-content\/uploads\/2019\/04\/87811C3A-A20F-44E1-BDD7-B57FDBC67364-768x576.jpeg 768w, https:\/\/806-aphrodite.de\/wp-content\/uploads\/2019\/04\/87811C3A-A20F-44E1-BDD7-B57FDBC67364.jpeg 1600w\" sizes=\"auto, (max-width: 701px) 100vw, 701px\" \/><figcaption id=\"caption-attachment-636\" class=\"wp-caption-text\"><em>Durchs Schie\u00dfgebiet Puttlos<\/em><\/figcaption><\/figure>\n<p>Und das war auch im Hafen heftig. Ich habe mich an den Raum unter Deck noch nicht gew\u00f6hnt. Zahlreiche blaue Flecke und Beulen am Kopf zeugen davon, dass ich die Abmessungen noch nicht verinnerlicht habe. So sieht mein Schlafpl\u00e4tze im Vorschiff aus:<\/p>\n<p><img loading=\"lazy\" decoding=\"async\" class=\"aligncenter  wp-image-647\" src=\"https:\/\/806.thomaskirche-kalender.de\/wp-content\/uploads\/2019\/04\/1498C315-84AF-492D-ABED-68B2607ED9FD-1024x767.jpeg\" alt=\"\" width=\"699\" height=\"523\" srcset=\"https:\/\/806-aphrodite.de\/wp-content\/uploads\/2019\/04\/1498C315-84AF-492D-ABED-68B2607ED9FD-1024x767.jpeg 1024w, https:\/\/806-aphrodite.de\/wp-content\/uploads\/2019\/04\/1498C315-84AF-492D-ABED-68B2607ED9FD-300x225.jpeg 300w, https:\/\/806-aphrodite.de\/wp-content\/uploads\/2019\/04\/1498C315-84AF-492D-ABED-68B2607ED9FD-768x575.jpeg 768w\" sizes=\"auto, (max-width: 699px) 100vw, 699px\" \/><\/p>\n<p>So vertreibe ich mir die Zeit in Heiligenhafen und ersehne die Weiterfahrt nach Fehmarn. Sehen kann ich die Insel ja schon.<\/p>\n<figure id=\"attachment_645\" aria-describedby=\"caption-attachment-645\" style=\"width: 701px\" class=\"wp-caption aligncenter\"><img loading=\"lazy\" decoding=\"async\" class=\"wp-image-645\" src=\"https:\/\/806.thomaskirche-kalender.de\/wp-content\/uploads\/2019\/04\/2589E163-C8A0-451C-B237-3C87EC0D490C-1024x683.jpeg\" alt=\"\" width=\"701\" height=\"467\" srcset=\"https:\/\/806-aphrodite.de\/wp-content\/uploads\/2019\/04\/2589E163-C8A0-451C-B237-3C87EC0D490C-1024x683.jpeg 1024w, https:\/\/806-aphrodite.de\/wp-content\/uploads\/2019\/04\/2589E163-C8A0-451C-B237-3C87EC0D490C-300x200.jpeg 300w, https:\/\/806-aphrodite.de\/wp-content\/uploads\/2019\/04\/2589E163-C8A0-451C-B237-3C87EC0D490C-768x512.jpeg 768w\" sizes=\"auto, (max-width: 701px) 100vw, 701px\" \/><figcaption id=\"caption-attachment-645\" class=\"wp-caption-text\">Fehmarnsundbr\u00fccke<\/figcaption><\/figure>\n<p>&nbsp;<\/p>\n<figure id=\"attachment_644\" aria-describedby=\"caption-attachment-644\" style=\"width: 700px\" class=\"wp-caption aligncenter\"><img loading=\"lazy\" decoding=\"async\" class=\"wp-image-644 \" src=\"https:\/\/806-aphrodite.de\/wp-content\/uploads\/2019\/04\/9F42FE7A-DF23-4992-BC47-52F5AFCD4105-1024x683.jpeg\" alt=\"\" width=\"700\" height=\"467\" srcset=\"https:\/\/806-aphrodite.de\/wp-content\/uploads\/2019\/04\/9F42FE7A-DF23-4992-BC47-52F5AFCD4105-1024x683.jpeg 1024w, https:\/\/806-aphrodite.de\/wp-content\/uploads\/2019\/04\/9F42FE7A-DF23-4992-BC47-52F5AFCD4105-300x200.jpeg 300w, https:\/\/806-aphrodite.de\/wp-content\/uploads\/2019\/04\/9F42FE7A-DF23-4992-BC47-52F5AFCD4105-768x512.jpeg 768w\" sizes=\"auto, (max-width: 700px) 100vw, 700px\" \/><figcaption id=\"caption-attachment-644\" class=\"wp-caption-text\"><em>Waschtag &#8211; Aus Langeweile komme ich auf werkw\u00fcrdige Ideen.<\/em><\/figcaption><\/figure>\n<p>&nbsp;<\/p>\n<p>Dann hielt ich es nicht mehr aus. Ich wollte nach Fehmarn, um den Schlag nach Warnem\u00fcnde zu verk\u00fcrzen. Die lange Hafenausfahrt von Heiligenhafen schaffte mein 5PS Motor nur sehr m\u00fchsam. Als dann noch die Welle dazu kam w\u00fcrde mir schon mehr als mulmig, denn der Wind kam mir nicht unter 20kn entgegen. Ich zog beherzt das gereffte Gro\u00dfsegel hoch und erstaunlich wie sich die 806 an die Welle schmiegt und gute H\u00f6he l\u00e4uft. Vor der Br\u00fccke wird es f\u00fcr Kreuzschl\u00e4ge schon eng, also hoch mit der Fock. Etwas mehr Lage entstand, aber so kreuze ich unter der Fehmarnsundbr\u00fccke hindurch und sehr hoch am Wind die lange Fahrrinne des Fehmarnsund entlang. Erst jetzt bemerke ich das sprudelnde Eintauchen der <i>Aphrodite<\/i> in das Salzwasser der Ostsee. Dieses Zischen und Glucksen kommt dem Einf\u00fcllen eines guten Champagner in ein weit \u00f6ffnendes Glas gleich. Das ist schon ein tolles Boot die International 806.<\/p>\n<p>Am n\u00e4chsten Tag dann recht fr\u00fch auf nach Warnem\u00fcnde. Anfangs noch guter Wind der allm\u00e4hlich drehte und abnahm. Da half auch kein Gennaker mehr, um die alte D\u00fchnung auf dem Boot ertr\u00e4glicher zu machen. Alles schwankt, schlackert und klappert. Also Motor anschmei\u00dfen und sp\u00e4ter wird noch die Selbststeuerung ausprobieren.<\/p>\n<figure id=\"attachment_658\" aria-describedby=\"caption-attachment-658\" style=\"width: 701px\" class=\"wp-caption aligncenter\"><img loading=\"lazy\" decoding=\"async\" class=\"wp-image-658 \" src=\"https:\/\/806-aphrodite.de\/wp-content\/uploads\/2019\/04\/F815A38A-72BC-41F5-86E8-7843FCEB27D8-1024x683.jpeg\" alt=\"\" width=\"701\" height=\"468\" srcset=\"https:\/\/806-aphrodite.de\/wp-content\/uploads\/2019\/04\/F815A38A-72BC-41F5-86E8-7843FCEB27D8-1024x683.jpeg 1024w, https:\/\/806-aphrodite.de\/wp-content\/uploads\/2019\/04\/F815A38A-72BC-41F5-86E8-7843FCEB27D8-300x200.jpeg 300w, https:\/\/806-aphrodite.de\/wp-content\/uploads\/2019\/04\/F815A38A-72BC-41F5-86E8-7843FCEB27D8-768x512.jpeg 768w\" sizes=\"auto, (max-width: 701px) 100vw, 701px\" \/><figcaption id=\"caption-attachment-658\" class=\"wp-caption-text\"><em>Endlose Weite &#8211; K\u00fcstenlinien verschwinden &#8211; Herrlich.<\/em><\/figcaption><\/figure>\n<p>&nbsp;<\/p>\n<p>Und dann kam der AIS-Alarm und sagt mir Kollisionskurs mit der \u201eNils Holgerson\u201c, das F\u00e4hrschiff, dass mich mit Frau und klein Svenja vor \u00fcber 20 Jahren nach Schweden brachte. Ich glaube es nicht.<\/p>\n<p><img loading=\"lazy\" decoding=\"async\" class=\" wp-image-659 aligncenter\" src=\"https:\/\/806.thomaskirche-kalender.de\/wp-content\/uploads\/2019\/04\/214714D0-AF11-4B75-98A1-EB773D505995-1024x683.jpeg\" alt=\"\" width=\"698\" height=\"465\" srcset=\"https:\/\/806-aphrodite.de\/wp-content\/uploads\/2019\/04\/214714D0-AF11-4B75-98A1-EB773D505995-1024x683.jpeg 1024w, https:\/\/806-aphrodite.de\/wp-content\/uploads\/2019\/04\/214714D0-AF11-4B75-98A1-EB773D505995-300x200.jpeg 300w, https:\/\/806-aphrodite.de\/wp-content\/uploads\/2019\/04\/214714D0-AF11-4B75-98A1-EB773D505995-768x512.jpeg 768w\" sizes=\"auto, (max-width: 698px) 100vw, 698px\" \/><\/p>\n<p>\u201eDann habe ich es endlich geschafft\u201c sagte mein Au\u00dfenbordmotor im Hafen des Warnem\u00fcnder Segelclub. &nbsp;Ich machte erst einmal schwankend ein Landgang am Alten Strom entlang. Voller Touristen (Na, bin ich nicht auch einer?) so wie in Heiligenhafen, aber anders. Waren es in Heiligenhafen noch die Rufe und Gespr\u00e4che im Caf\u00e9 im k\u00fchlen Hamburger Slang oder rauem Ruhrpottdeutsch, kommt hier das berlinerische und s\u00e4chsische an mein Ohr. Etwas fehlplatziert kommen mir die an allen Laternen befestigten Wahlplakate eines b\u00e4rtigen Unparteilichen Kandidat zum Rostocker B\u00fcrgermeister vor. Sein Programm: Sperrm\u00fcll, Ordnung, Sicherheit. Das verstehen wohl nur Insider.<\/p>\n<p>Der Abend klingt in der Plicht der <i>Aphrodite<\/i> bei einem Glas Rotwein und dem Jaulen der Seehunde aus.&nbsp;<\/p>\n<p>Ich bin noch \u201eUrlauber\u201c mit begrenzter Zeit und der Erkenntnis bald geht der Trott wieder los. In diesem traurigen Augenblick geht ein etwas gebeugter, \u00e4lterer Herr mit langen grauen Pferdeschwanz und Handtuch bewaffnet \u00fcber den Steg und ruft mir ein v\u00f6llig entspanntes \u201eMoin\u201c zu. Wir haben 11 Uhr? Ich denke das wird noch was mit mir.<\/p>\n<figure id=\"attachment_661\" aria-describedby=\"caption-attachment-661\" style=\"width: 699px\" class=\"wp-caption aligncenter\"><img loading=\"lazy\" decoding=\"async\" class=\"wp-image-661\" src=\"https:\/\/806.thomaskirche-kalender.de\/wp-content\/uploads\/2019\/04\/D46827D3-83AA-4F37-A96B-841B383F35F4-1024x768.jpeg\" alt=\"\" width=\"699\" height=\"524\" srcset=\"https:\/\/806-aphrodite.de\/wp-content\/uploads\/2019\/04\/D46827D3-83AA-4F37-A96B-841B383F35F4-1024x768.jpeg 1024w, https:\/\/806-aphrodite.de\/wp-content\/uploads\/2019\/04\/D46827D3-83AA-4F37-A96B-841B383F35F4-300x225.jpeg 300w, https:\/\/806-aphrodite.de\/wp-content\/uploads\/2019\/04\/D46827D3-83AA-4F37-A96B-841B383F35F4-768x576.jpeg 768w\" sizes=\"auto, (max-width: 699px) 100vw, 699px\" \/><figcaption id=\"caption-attachment-661\" class=\"wp-caption-text\"><em>Warnem\u00fcnde Hafen Mittelmohle<\/em><\/figcaption><\/figure>\n<div id=\"sitelock_shield_logo\" class=\"fixed_btm\" style=\"bottom: 0; position: fixed; _position: absolute; right: 0;\"><a href=\"https:\/\/www.sitelock.com\/verify.php?site=thomaskirche-kalender.de\"><img decoding=\"async\" title=\"SiteLock\" src=\"\/\/shield.sitelock.com\/shield\/thomaskirche-kalender.de\" alt=\"malware removal and website security\"><\/a><\/div>\n\n\n<p><\/p>\n","protected":false},"excerpt":{"rendered":"<p>Nachdem das Boot z\u00fcgig ins Wasser der Schlei kam, konnte ich mit dem Ausr\u00fcsten und Beladen beginnen. Sechsmal frage mich die Kassiererin im Penny-Markt am Hafen, ob ich \u201eTreuepunkte\u201c sammle. Ich h\u00e4tte am Anfang JA sagen sollen, um die \u201etollen\u201c Dinge zu bekommen, aber ihr freudlichen L\u00e4cheln war mir Lohn genug. Nun war aber alles &hellip; <a href=\"https:\/\/806-aphrodite.de\/?page_id=620\" class=\"more-link\"><span class=\"screen-reader-text\">1- Von der Schlei nach Warnem\u00fcnde<\/span> weiterlesen<\/a><\/p>\n","protected":false},"author":1,"featured_media":0,"parent":613,"menu_order":1,"comment_status":"closed","ping_status":"closed","template":"","meta":{"ngg_post_thumbnail":0,"jetpack_post_was_ever_published":false,"footnotes":""},"class_list":["post-620","page","type-page","status-publish","hentry"],"jetpack_sharing_enabled":true,"_links":{"self":[{"href":"https:\/\/806-aphrodite.de\/index.php?rest_route=\/wp\/v2\/pages\/620","targetHints":{"allow":["GET"]}}],"collection":[{"href":"https:\/\/806-aphrodite.de\/index.php?rest_route=\/wp\/v2\/pages"}],"about":[{"href":"https:\/\/806-aphrodite.de\/index.php?rest_route=\/wp\/v2\/types\/page"}],"author":[{"embeddable":true,"href":"https:\/\/806-aphrodite.de\/index.php?rest_route=\/wp\/v2\/users\/1"}],"replies":[{"embeddable":true,"href":"https:\/\/806-aphrodite.de\/index.php?rest_route=%2Fwp%2Fv2%2Fcomments&post=620"}],"version-history":[{"count":18,"href":"https:\/\/806-aphrodite.de\/index.php?rest_route=\/wp\/v2\/pages\/620\/revisions"}],"predecessor-version":[{"id":1718,"href":"https:\/\/806-aphrodite.de\/index.php?rest_route=\/wp\/v2\/pages\/620\/revisions\/1718"}],"up":[{"embeddable":true,"href":"https:\/\/806-aphrodite.de\/index.php?rest_route=\/wp\/v2\/pages\/613"}],"wp:attachment":[{"href":"https:\/\/806-aphrodite.de\/index.php?rest_route=%2Fwp%2Fv2%2Fmedia&parent=620"}],"curies":[{"name":"wp","href":"https:\/\/api.w.org\/{rel}","templated":true}]}}