{"id":677,"date":"2019-04-29T14:38:22","date_gmt":"2019-04-29T13:38:22","guid":{"rendered":"https:\/\/806-Aphrodite.de\/?page_id=677"},"modified":"2021-02-06T16:08:35","modified_gmt":"2021-02-06T15:08:35","slug":"2-von-warnemuende-nach","status":"publish","type":"page","link":"https:\/\/806-aphrodite.de\/?page_id=677","title":{"rendered":"2- von Warnem\u00fcnde nach Kr\u00f6slin"},"content":{"rendered":"<figure id=\"attachment_679\" aria-describedby=\"caption-attachment-679\" style=\"width: 699px\" class=\"wp-caption aligncenter\"><img loading=\"lazy\" decoding=\"async\" class=\"wp-image-679\" src=\"https:\/\/806.thomaskirche-kalender.de\/wp-content\/uploads\/2019\/04\/CE2CDE41-3CF1-4642-B00C-4EBFED4426CA-1024x683.jpeg\" alt=\"\" width=\"699\" height=\"466\" srcset=\"https:\/\/806-aphrodite.de\/wp-content\/uploads\/2019\/04\/CE2CDE41-3CF1-4642-B00C-4EBFED4426CA-1024x683.jpeg 1024w, https:\/\/806-aphrodite.de\/wp-content\/uploads\/2019\/04\/CE2CDE41-3CF1-4642-B00C-4EBFED4426CA-300x200.jpeg 300w, https:\/\/806-aphrodite.de\/wp-content\/uploads\/2019\/04\/CE2CDE41-3CF1-4642-B00C-4EBFED4426CA-768x512.jpeg 768w\" sizes=\"auto, (max-width: 699px) 100vw, 699px\" \/><figcaption id=\"caption-attachment-679\" class=\"wp-caption-text\"><em>Hafenausfahrt Warnem\u00fcnde <\/em><\/figcaption><\/figure>\n<p>Nachdem die AIDA hupend vor meinem Bug vorbeifuhr, hielt ich es auch nicht mehr im Hafen aus. Ich muss die Ostsee weiter erkunden. Die Wetteraussichten waren jetzt nicht so prickelt, aber der lange Schlag nach Barh\u00f6ft sollte doch gelingen. &#8211; Pustekuchen &#8211; Nach zwei Stunden Segelspa\u00df war nichts mehr zu machen. Und wieder sollte mein Au\u00dfenbordmotor alles retten. Stundenlanges getucker gehen schon an die Nerven und so habe ich um 17 Uhr den Nothafen Dar\u00dfter Ort angesteuert. Es w\u00e4ren noch gut sechs Stunden nach Barh\u00f6ft, die ich nicht mehr schaffen konnte.<\/p>\n<p><img loading=\"lazy\" decoding=\"async\" class=\" wp-image-682 aligncenter\" src=\"https:\/\/806.thomaskirche-kalender.de\/wp-content\/uploads\/2019\/04\/1354BA98-4CEE-4BC3-A5AB-127607EAD533-1024x683.jpeg\" alt=\"\" width=\"699\" height=\"466\" srcset=\"https:\/\/806-aphrodite.de\/wp-content\/uploads\/2019\/04\/1354BA98-4CEE-4BC3-A5AB-127607EAD533-1024x683.jpeg 1024w, https:\/\/806-aphrodite.de\/wp-content\/uploads\/2019\/04\/1354BA98-4CEE-4BC3-A5AB-127607EAD533-300x200.jpeg 300w, https:\/\/806-aphrodite.de\/wp-content\/uploads\/2019\/04\/1354BA98-4CEE-4BC3-A5AB-127607EAD533-768x512.jpeg 768w\" sizes=\"auto, (max-width: 699px) 100vw, 699px\" \/><\/p>\n<p>Die Nacht im Nothafen, der im absoluten Naturschutzgebiet liegt, war schon ein Erlebnis. Absolute Ruhe, die nur gelegentlich leise von der Dieselheizung des Seenotrettungskreuzers unterbrochen wurde. \u00dcber was sich die beiden Schwalben, die auf meiner Windex sitzen, unterhielten kann ich nicht verstehen, aber das M\u00f6wenpaar auf dem Steg war auch f\u00fcr mich erkennbar in einer eindeutigen gesch\u00e4ftigen Situation. Und die ersten M\u00fccken tauchten auf, wobei ihr Fl\u00fcgelschlag mir schon noch sehr gem\u00e4chlich vorkam.<\/p>\n<figure id=\"attachment_684\" aria-describedby=\"caption-attachment-684\" style=\"width: 699px\" class=\"wp-caption aligncenter\"><img loading=\"lazy\" decoding=\"async\" class=\"wp-image-684\" src=\"https:\/\/806.thomaskirche-kalender.de\/wp-content\/uploads\/2019\/04\/F269BC62-5787-4C04-A024-A11900F3E058-1024x683.jpeg\" alt=\"\" width=\"699\" height=\"466\" srcset=\"https:\/\/806-aphrodite.de\/wp-content\/uploads\/2019\/04\/F269BC62-5787-4C04-A024-A11900F3E058-1024x683.jpeg 1024w, https:\/\/806-aphrodite.de\/wp-content\/uploads\/2019\/04\/F269BC62-5787-4C04-A024-A11900F3E058-300x200.jpeg 300w, https:\/\/806-aphrodite.de\/wp-content\/uploads\/2019\/04\/F269BC62-5787-4C04-A024-A11900F3E058-768x512.jpeg 768w\" sizes=\"auto, (max-width: 699px) 100vw, 699px\" \/><figcaption id=\"caption-attachment-684\" class=\"wp-caption-text\"><em>Nothafen Dar\u00dfter Ort<\/em><\/figcaption><\/figure>\n<p>Morgen ging es dann wieder unter Motorengeknatter weiter, bis der Wind und der Nebel kam. Gespenstisch &#8211; das sind Situationen die ich nicht mehr brauche. Ich konnte den Gennaker setzen und hoffte das gro\u00dfe bunte Tuch werden andere Schiffe sehen. So segelte ich Stunde um Stunde in der milchigen Suppe und alle meine Sinne auf h\u00f6chsten Empfang verpflichtet. Da geschah es. Hinter mit platsche es. Was war das? Ein Schweinswal hatte ich als Begleiter, der sicher auch genauso Schiss hatte wir ich. Hatte aber den Nachteil, dass sich meine Sinne nicht mehr so auf ander Schiffe konzentrieren konnten. Der Wal konnte in Gefahrensituation einfach wegtauchen, f\u00fcr mich w\u00e4re das fatal. Dann h\u00e4tte ich bald die Tonne 1 der Vitter Bucht gerammt, so genau ist der Plotter &#8211; misst, beim n\u00e4chsten mal setze ich den Wegpunkte daneben. Dann die Fock hoch und hoch am Wind, der zu meiner Freude auch den Nebel ein wenig wegblies, sodass ich den Leuchturm Dornbusch erkennen konnte. Gerettet. In solchen Situationen erkennte ich erst wie klein und hilflos ich eigentlich bin, aber mit dem sicheren Gef\u00fchl: da ist etwas, was mich nicht alleine l\u00e4sst.&nbsp;<\/p>\n<figure id=\"attachment_686\" aria-describedby=\"caption-attachment-686\" style=\"width: 699px\" class=\"wp-caption aligncenter\"><img loading=\"lazy\" decoding=\"async\" class=\"wp-image-686\" src=\"https:\/\/806.thomaskirche-kalender.de\/wp-content\/uploads\/2019\/04\/6BCE344F-E9FB-4039-996F-32C70ED41EDF-1024x683.jpeg\" alt=\"\" width=\"699\" height=\"466\" srcset=\"https:\/\/806-aphrodite.de\/wp-content\/uploads\/2019\/04\/6BCE344F-E9FB-4039-996F-32C70ED41EDF-1024x683.jpeg 1024w, https:\/\/806-aphrodite.de\/wp-content\/uploads\/2019\/04\/6BCE344F-E9FB-4039-996F-32C70ED41EDF-300x200.jpeg 300w, https:\/\/806-aphrodite.de\/wp-content\/uploads\/2019\/04\/6BCE344F-E9FB-4039-996F-32C70ED41EDF-768x512.jpeg 768w\" sizes=\"auto, (max-width: 699px) 100vw, 699px\" \/><figcaption id=\"caption-attachment-686\" class=\"wp-caption-text\"><em>Leuchtturm Dornbusch<\/em><\/figcaption><\/figure>\n<p>Endlich in Kloster angekommen hatte mich die Welt wieder und der Fischer Willi neben mir rief zu einer ger\u00e4ucherten Flunder mit St\u00f6rtebecker Bier auf. Ist schon eigenartig, dass es mich nach so einem Erlebnis nach (ins) Kloster nach Hiddensee verschlagen hat.<\/p>\n<figure id=\"attachment_687\" aria-describedby=\"caption-attachment-687\" style=\"width: 699px\" class=\"wp-caption aligncenter\"><img loading=\"lazy\" decoding=\"async\" class=\"wp-image-687\" src=\"https:\/\/806.thomaskirche-kalender.de\/wp-content\/uploads\/2019\/04\/2127A811-A875-4D54-9C83-6BD44ED65649-1024x683.jpeg\" alt=\"\" width=\"699\" height=\"466\" srcset=\"https:\/\/806-aphrodite.de\/wp-content\/uploads\/2019\/04\/2127A811-A875-4D54-9C83-6BD44ED65649-1024x683.jpeg 1024w, https:\/\/806-aphrodite.de\/wp-content\/uploads\/2019\/04\/2127A811-A875-4D54-9C83-6BD44ED65649-300x200.jpeg 300w, https:\/\/806-aphrodite.de\/wp-content\/uploads\/2019\/04\/2127A811-A875-4D54-9C83-6BD44ED65649-768x512.jpeg 768w\" sizes=\"auto, (max-width: 699px) 100vw, 699px\" \/><figcaption id=\"caption-attachment-687\" class=\"wp-caption-text\"><em>Hafen von Kloster auf Hiddensee<\/em><\/figcaption><\/figure>\n<p>Da ich nach dieser Aufregung ein P\u00e4uschen brauchte, legte ich einen Wandertag auf Hiddensee an. Es ist sehr sch\u00f6n hier. Keine privaten Autos und eine au\u00dfergew\u00f6hnlich sch\u00f6ne Landschaft.<\/p>\n<p><img loading=\"lazy\" decoding=\"async\" class=\"alignleft wp-image-698 size-medium\" src=\"https:\/\/806.thomaskirche-kalender.de\/wp-content\/uploads\/2019\/05\/CAA601B6-B3FA-491A-846D-3B31F0D6BF97-e1556905287192-300x169.jpeg\" alt=\"\" width=\"300\" height=\"169\" srcset=\"https:\/\/806-aphrodite.de\/wp-content\/uploads\/2019\/05\/CAA601B6-B3FA-491A-846D-3B31F0D6BF97-e1556905287192-300x169.jpeg 300w, https:\/\/806-aphrodite.de\/wp-content\/uploads\/2019\/05\/CAA601B6-B3FA-491A-846D-3B31F0D6BF97-e1556905287192-768x432.jpeg 768w, https:\/\/806-aphrodite.de\/wp-content\/uploads\/2019\/05\/CAA601B6-B3FA-491A-846D-3B31F0D6BF97-e1556905287192-1024x576.jpeg 1024w\" sizes=\"auto, (max-width: 300px) 100vw, 300px\" \/><\/p>\n<p>D\u00fcnenmoorheide und Sandstrand haben mich&nbsp;schon an meine Konditionsgrenze gebracht.<br \/>\nAber Abends habe ich mich mit Doschfilet Hiddenseeer Art mit Sanddornchremeso\u00dfe belohnt. Mhhh<\/p>\n<p>Morgens ganz fr\u00fch ging es dann weiter nach Stralsund. Das Gennakersegeln beschr\u00e4nkte sich auf nur wenige Streckenabschnitte, da die ausgebaggerte Fahrrinne sehr eng ist und entgegenkommende F\u00e4hrschiffe halt Platz brauchen. Zum Teil standen die Schw\u00e4ne am Fahrrinnenrand im Wasser. Also kein Segelrevier f\u00fcr eine 806. Dann sah ich eine Kirche dreimal am Horizont. War das Bier in der Gastst\u00e4tte schlecht gewesen, oder gibt es ein Wetterph\u00e4nomen? Nein, das sind alles Geb\u00e4ude in Stralsund wie sich sp\u00e4ter feststellte.<br \/>\nIm Hafen erwarte mich schon Janett und Wolfgang, um die <i>Aphrodite<\/i> und mich unter die Lupe zu nehmen. Wir haben einen sehr sch\u00f6nen Nachmittag mit \u201eRock- Burger\u201c im nahen Restaurant verbracht.<\/p>\n<figure id=\"attachment_700\" aria-describedby=\"caption-attachment-700\" style=\"width: 701px\" class=\"wp-caption aligncenter\"><img loading=\"lazy\" decoding=\"async\" class=\"wp-image-700\" src=\"https:\/\/806.thomaskirche-kalender.de\/wp-content\/uploads\/2019\/05\/AECF94E9-1229-42A8-9101-7D20EDDD0224-1024x683.jpeg\" alt=\"\" width=\"701\" height=\"467\" srcset=\"https:\/\/806-aphrodite.de\/wp-content\/uploads\/2019\/05\/AECF94E9-1229-42A8-9101-7D20EDDD0224-1024x683.jpeg 1024w, https:\/\/806-aphrodite.de\/wp-content\/uploads\/2019\/05\/AECF94E9-1229-42A8-9101-7D20EDDD0224-300x200.jpeg 300w, https:\/\/806-aphrodite.de\/wp-content\/uploads\/2019\/05\/AECF94E9-1229-42A8-9101-7D20EDDD0224-768x512.jpeg 768w\" sizes=\"auto, (max-width: 701px) 100vw, 701px\" \/><figcaption id=\"caption-attachment-700\" class=\"wp-caption-text\"><em>Drei gleiche T\u00fcrme von Stralsund <\/em><\/figcaption><\/figure>\n<p>Dann traute ich meinen Augen nicht, als mir \u201eSEAMAN\u201c der Wetterfrosch eine drastische Wetter\u00e4nderung vorhersagte. Was blieb mir \u00fcbrig, als den Sturm in Stralsund abzuwettern.<\/p>\n<p><img loading=\"lazy\" decoding=\"async\" class=\"alignleft wp-image-703 size-medium\" src=\"https:\/\/806.thomaskirche-kalender.de\/wp-content\/uploads\/2019\/05\/F47BE220-1EC8-46DA-886E-D773C0CF7D54-300x200.jpeg\" alt=\"\" width=\"300\" height=\"200\" srcset=\"https:\/\/806-aphrodite.de\/wp-content\/uploads\/2019\/05\/F47BE220-1EC8-46DA-886E-D773C0CF7D54-300x200.jpeg 300w, https:\/\/806-aphrodite.de\/wp-content\/uploads\/2019\/05\/F47BE220-1EC8-46DA-886E-D773C0CF7D54-768x512.jpeg 768w, https:\/\/806-aphrodite.de\/wp-content\/uploads\/2019\/05\/F47BE220-1EC8-46DA-886E-D773C0CF7D54-1024x683.jpeg 1024w\" sizes=\"auto, (max-width: 300px) 100vw, 300px\" \/><\/p>\n<p>Der Tag im Ozeaneum war eine beeindruckende &nbsp;Erfahrung, die keinen der in Stralsund ist sich entgehen lassen muss. Es wird mich sehr lange besch\u00e4ftigen und auf ein Fischbr\u00f6tchen am Kutter danach, ist mir geh\u00f6rig der Appetit vergangen. Bei einem Gespr\u00e4ch mit einem Tierpfleger, der nicht glauben wollte, dass uns ZWEI Schweinswale begleitete haben, musste ich dann als Beweis Steffens Filmchen hergeben. Kommt wohl so normalerweise nicht vor.<\/p>\n<p>Der folgende Tag war ganz R\u00fcgen gewidmet. Mit dem Bernsteinticket ging\u2019s nach Zingst und per Pedes zu den Kreidefelsen.<\/p>\n<figure id=\"attachment_705\" aria-describedby=\"caption-attachment-705\" style=\"width: 701px\" class=\"wp-caption aligncenter\"><img loading=\"lazy\" decoding=\"async\" class=\"wp-image-705\" src=\"https:\/\/806.thomaskirche-kalender.de\/wp-content\/uploads\/2019\/05\/9B2629AB-6A02-436D-B815-5422340AEBE4-1024x683.jpeg\" alt=\"\" width=\"701\" height=\"467\" srcset=\"https:\/\/806-aphrodite.de\/wp-content\/uploads\/2019\/05\/9B2629AB-6A02-436D-B815-5422340AEBE4-1024x683.jpeg 1024w, https:\/\/806-aphrodite.de\/wp-content\/uploads\/2019\/05\/9B2629AB-6A02-436D-B815-5422340AEBE4-300x200.jpeg 300w, https:\/\/806-aphrodite.de\/wp-content\/uploads\/2019\/05\/9B2629AB-6A02-436D-B815-5422340AEBE4-768x512.jpeg 768w\" sizes=\"auto, (max-width: 701px) 100vw, 701px\" \/><figcaption id=\"caption-attachment-705\" class=\"wp-caption-text\"><em>R\u00fcgen mit den Kreidefelsen<\/em><\/figcaption><\/figure>\n<p>&nbsp;<\/p>\n<figure id=\"attachment_712\" aria-describedby=\"caption-attachment-712\" style=\"width: 300px\" class=\"wp-caption alignleft\"><img loading=\"lazy\" decoding=\"async\" class=\"wp-image-712 size-medium\" src=\"https:\/\/806-aphrodite.de\/wp-content\/uploads\/2019\/05\/0AF3B78E-60CC-469B-9E9C-3671DDF1F6D6-300x200.jpeg\" alt=\"\" width=\"300\" height=\"200\" srcset=\"https:\/\/806-aphrodite.de\/wp-content\/uploads\/2019\/05\/0AF3B78E-60CC-469B-9E9C-3671DDF1F6D6-300x200.jpeg 300w, https:\/\/806-aphrodite.de\/wp-content\/uploads\/2019\/05\/0AF3B78E-60CC-469B-9E9C-3671DDF1F6D6-768x512.jpeg 768w, https:\/\/806-aphrodite.de\/wp-content\/uploads\/2019\/05\/0AF3B78E-60CC-469B-9E9C-3671DDF1F6D6-1024x683.jpeg 1024w\" sizes=\"auto, (max-width: 300px) 100vw, 300px\" \/><figcaption id=\"caption-attachment-712\" class=\"wp-caption-text\"><em>H\u00fchnergott werden sie genannt<\/em><\/figcaption><\/figure>\n<p><img loading=\"lazy\" decoding=\"async\" class=\"wp-image-713  alignnone\" src=\"https:\/\/806.thomaskirche-kalender.de\/wp-content\/uploads\/2019\/05\/17571D85-BE23-4608-94BE-00F4B62EE998-300x200.jpeg\" alt=\"\" width=\"302\" height=\"201\" srcset=\"https:\/\/806-aphrodite.de\/wp-content\/uploads\/2019\/05\/17571D85-BE23-4608-94BE-00F4B62EE998-300x200.jpeg 300w, https:\/\/806-aphrodite.de\/wp-content\/uploads\/2019\/05\/17571D85-BE23-4608-94BE-00F4B62EE998-768x512.jpeg 768w, https:\/\/806-aphrodite.de\/wp-content\/uploads\/2019\/05\/17571D85-BE23-4608-94BE-00F4B62EE998-1024x683.jpeg 1024w\" sizes=\"auto, (max-width: 302px) 100vw, 302px\" \/><\/p>\n<p>&nbsp;<\/p>\n<p>Dann kam die Entscheidung ruppiges Wetter in Kauf zu nehmen um weiter zu kommen oder in den HanseDom zum Schwimmen zu gehen. Wenn ich in den HanseDom gegangen w\u00e4re, dann h\u00e4tte ich nun sicher keine dicke Beule am Kopf &nbsp;und w\u00e4re nun v\u00f6llig durch den Quark. Denn es war schon sehr grenzwertig und hat mich, das Boot eher nicht, an die Grenze des Ertr\u00e4glichen gef\u00fchrt. Bei einer Geschwindigkeit von 10,5 Knoten, mit einer vollkommen beladenen 806, \u00fcber die Wellen zu surfen ist ein Erlebnis an der Grenze zum Wahnsinn. Beim Versuch Einzureffen kam es dann zur ber\u00fcchtigten Patenthalse und dann best\u00e4tigte sich mein Vorsatz: \u201eImmer angeleint an Deck\u201c. Ansonsten l\u00e4ge ich jetzt im Greifswalder Bodden aber ohne Beule und geprelltem Knie. Ich schrie laut \u201eHilfe\u201c. Nun, andere Boote k\u00f6nnen es nicht geh\u00f6rt haben, es gab keine in der N\u00e4he, aber des half mir trotzdem mich wieder zu entt\u00fcddeln.<br \/>\nDann befolgte ich Wolfgangs Rat, nicht das enge Fahrwasser nach Peenem\u00fcnde zu nehmen, sondern das Hauptfahrwasser, was ein Umweg bedeutet. Bei meiner Geschwindigkeit zweitrangig, aber nach der Tonne musste ich hoch am Wind. So viel Salzwasser auf dem Vordeck und in meinem Gesicht &nbsp;gab es bisher noch nicht. Anscheinend fand nur ich dies unangenehm.<br \/>\nIm Peenestrom beruhigten sich die Wellen aber nicht der Wind. Es war eine Tortur die Segel runter zu holen und alles klar zum Anlegen zu machen. Nach dem wir (<i>Aphrodite<\/i> und ich) am Steg fest lagen, musste ein Flenz dran glauben. War ja auch eine Schapszahl auf der Logge: 222 Seemeilen.<\/p>\n<div id=\"sitelock_shield_logo\" class=\"fixed_btm\" style=\"bottom: 0; position: fixed; _position: absolute; right: 0;\"><a href=\"https:\/\/www.sitelock.com\/verify.php?site=thomaskirche-kalender.de\"><img decoding=\"async\" title=\"SiteLock\" src=\"\/\/shield.sitelock.com\/shield\/thomaskirche-kalender.de\" alt=\"malware removal and website security\"><\/a><\/div>\n","protected":false},"excerpt":{"rendered":"<p>Nachdem die AIDA hupend vor meinem Bug vorbeifuhr, hielt ich es auch nicht mehr im Hafen aus. Ich muss die Ostsee weiter erkunden. Die Wetteraussichten waren jetzt nicht so prickelt, aber der lange Schlag nach Barh\u00f6ft sollte doch gelingen. &#8211; Pustekuchen &#8211; Nach zwei Stunden Segelspa\u00df war nichts mehr zu machen. Und wieder sollte mein &hellip; <a href=\"https:\/\/806-aphrodite.de\/?page_id=677\" class=\"more-link\"><span class=\"screen-reader-text\">2- von Warnem\u00fcnde nach Kr\u00f6slin<\/span> weiterlesen<\/a><\/p>\n","protected":false},"author":1,"featured_media":0,"parent":613,"menu_order":2,"comment_status":"closed","ping_status":"closed","template":"","meta":{"ngg_post_thumbnail":0,"jetpack_post_was_ever_published":false,"footnotes":""},"class_list":["post-677","page","type-page","status-publish","hentry"],"jetpack_sharing_enabled":true,"_links":{"self":[{"href":"https:\/\/806-aphrodite.de\/index.php?rest_route=\/wp\/v2\/pages\/677","targetHints":{"allow":["GET"]}}],"collection":[{"href":"https:\/\/806-aphrodite.de\/index.php?rest_route=\/wp\/v2\/pages"}],"about":[{"href":"https:\/\/806-aphrodite.de\/index.php?rest_route=\/wp\/v2\/types\/page"}],"author":[{"embeddable":true,"href":"https:\/\/806-aphrodite.de\/index.php?rest_route=\/wp\/v2\/users\/1"}],"replies":[{"embeddable":true,"href":"https:\/\/806-aphrodite.de\/index.php?rest_route=%2Fwp%2Fv2%2Fcomments&post=677"}],"version-history":[{"count":24,"href":"https:\/\/806-aphrodite.de\/index.php?rest_route=\/wp\/v2\/pages\/677\/revisions"}],"predecessor-version":[{"id":1715,"href":"https:\/\/806-aphrodite.de\/index.php?rest_route=\/wp\/v2\/pages\/677\/revisions\/1715"}],"up":[{"embeddable":true,"href":"https:\/\/806-aphrodite.de\/index.php?rest_route=\/wp\/v2\/pages\/613"}],"wp:attachment":[{"href":"https:\/\/806-aphrodite.de\/index.php?rest_route=%2Fwp%2Fv2%2Fmedia&parent=677"}],"curies":[{"name":"wp","href":"https:\/\/api.w.org\/{rel}","templated":true}]}}