{"id":729,"date":"2019-05-06T20:33:12","date_gmt":"2019-05-06T19:33:12","guid":{"rendered":"https:\/\/806-Aphrodite.de\/?page_id=729"},"modified":"2021-02-06T16:00:49","modified_gmt":"2021-02-06T15:00:49","slug":"3-von-kroeslin-nach","status":"publish","type":"page","link":"https:\/\/806-aphrodite.de\/?page_id=729","title":{"rendered":"3- von Kr\u00f6slin nach Kolberg"},"content":{"rendered":"<figure id=\"attachment_730\" aria-describedby=\"caption-attachment-730\" style=\"width: 699px\" class=\"wp-caption aligncenter\"><img loading=\"lazy\" decoding=\"async\" class=\"wp-image-730\" src=\"https:\/\/806.thomaskirche-kalender.de\/wp-content\/uploads\/2019\/05\/94DF2C51-B1A4-4EFE-AD24-13D140C11732-1024x683.jpeg\" alt=\"\" width=\"699\" height=\"466\" srcset=\"https:\/\/806-aphrodite.de\/wp-content\/uploads\/2019\/05\/94DF2C51-B1A4-4EFE-AD24-13D140C11732-1024x683.jpeg 1024w, https:\/\/806-aphrodite.de\/wp-content\/uploads\/2019\/05\/94DF2C51-B1A4-4EFE-AD24-13D140C11732-300x200.jpeg 300w, https:\/\/806-aphrodite.de\/wp-content\/uploads\/2019\/05\/94DF2C51-B1A4-4EFE-AD24-13D140C11732-768x512.jpeg 768w\" sizes=\"auto, (max-width: 699px) 100vw, 699px\" \/><figcaption id=\"caption-attachment-730\" class=\"wp-caption-text\"><em>Technische Museum Penem\u00fcnde<\/em><\/figcaption><\/figure>\n<p>Als in Peenem\u00fcnde das gro\u00dfe Geb\u00e4ude der Raketenversuchsanlage und heutigen Museum in Sicht kam, auf dem ich beim Besuch vor Jahren zu meiner Frau Petra sagte: \u201eDa werde ich vorbeisegeln\u201c, muss ich an ihren Blick denken. Er hat so eine gewisse Zweideutigkeit innig, einmal \u201eNa, rede du mal\u201c oder \u201eSchei.., der zieht das wirklich durch\u201c. Und damit empf\u00e4ngt mich Usedom, wo die Wurzeln meiner Familie liegen. Mit sehr ruppigen und rauen Wellen, aber dann im Peenestrom beruhigt sich die Aufregung und wird liebenswert. So wie der Menschschlag hier.<br \/>\nDa kam die Wollgastbr\u00fccke in einer ganz anderen Sichtweise auf mich zu, n\u00e4mlich von unter und nicht wie gewohnt von der Stra\u00dfe aus. Dann die Werftanlagen mit jede Menge neuer Kriegsschiffe auf Halde. Die Schiffsnamen wurden mit Folien abgedeckt. Trotzdem erkannte ich arabische Schriftzeichen die sicher jetzt nicht mehr ausgeliefert werden k\u00f6nnen. Ein Bootsnachbar rief mir auf s\u00e4chsisch r\u00fcber: \u201eSo was brauch kein Mensch\u201c. Recht hat er.<\/p>\n<figure id=\"attachment_725\" aria-describedby=\"caption-attachment-725\" style=\"width: 699px\" class=\"wp-caption aligncenter\"><img loading=\"lazy\" decoding=\"async\" class=\"wp-image-725\" src=\"https:\/\/806.thomaskirche-kalender.de\/wp-content\/uploads\/2019\/05\/E3E49DE9-D977-4C6F-8881-761A4B6AE811-1024x768.jpeg\" alt=\"\" width=\"699\" height=\"524\" srcset=\"https:\/\/806-aphrodite.de\/wp-content\/uploads\/2019\/05\/E3E49DE9-D977-4C6F-8881-761A4B6AE811-1024x768.jpeg 1024w, https:\/\/806-aphrodite.de\/wp-content\/uploads\/2019\/05\/E3E49DE9-D977-4C6F-8881-761A4B6AE811-300x225.jpeg 300w, https:\/\/806-aphrodite.de\/wp-content\/uploads\/2019\/05\/E3E49DE9-D977-4C6F-8881-761A4B6AE811-768x576.jpeg 768w\" sizes=\"auto, (max-width: 699px) 100vw, 699px\" \/><figcaption id=\"caption-attachment-725\" class=\"wp-caption-text\"><em>Hafen von Lassan<\/em><\/figcaption><\/figure>\n<p>Dann die Einfahrt in den Hafen von Lassan. Ein Abenteuer, und wie mir ein verdutzter Dauerlieger erz\u00e4hlte, ein Wagnis da zur Zeit 60 cm Wasserstand fehlen. Ich glaube, ich werde eine ruhige Nacht haben, da ich mit dem Kiel im Dreck stecke. Aber der \u00fcberaus freundliche Hafenmeister Michael meinte nur, dass ich es schon schaffe wieder rauszukommen. Mit dem Hinweis: \u201cIst doch nur Schlamm keine Steine. Erst drau\u00dfen kommen Pf\u00e4hle unter Wasser von alten Heringsz\u00e4unen\u201c. Sehr beruhigend. Aber ich habe hier einen tollen Apfelkuchen bekommen. Unter einem von vielen AfD-Wahlplakaten war ein Hinweis auf einen Bio\/Vegan\/Esoterisch\/Weltverbesserener Laden mit Caf\u00e9, der mich reizte. Ich war der einzige Gast in einem gem\u00fctlich eingerichteten Laden. Zwei \u00fcberaus freundlich und bem\u00fchte Angestellte teilten sich meinen Auftrag nach Kaffee mit Kuchen. Der Kaffee ging so, aber der Apfelkuchen &#8211; ein Gedicht. Als mir die Verk\u00e4uferin das aufw\u00e4ndige Rezept verriet, fragte ich mich, von welchen Eink\u00fcnften leben sie? Das kann nur Hobby sein.<br \/>\nAls ich zur\u00fcck zum Boot ging, sah ich dann meinen ersten Seeadler, der in Richtung Usedomer Ufer kreiste.<br \/>\nAber kalt ist es, sehr kalt. Hagelschauer, 7 Grad und kalter Wind, dies alles im Wechsel mit Sonnenschein. Ich bin nun sehr froh viel Geld f\u00fcr Segelkleidung ausgeben zu haben. Es lohnt sich nun.<br \/>\nSo richtig traute ich mich nicht durch die engen Fahrwasser zu segeln. Es sind einfach zu wenige da, sagen wir mal ich bin \u00fcber Stunden das einzige Boot weit und breit, um ein Risiko des Aufsetzten einzugehen. Also muss oft mein Au\u00dfenbordmotor ran. Die Perspektive der Eisenbahnbr\u00fccke werde ich nicht vergessen. So oft sah ich sie schon von Land und auch einmal vom Flugzeug aus, aber direkt daran vorbei zu tuckern &#8211; Super.<\/p>\n<figure id=\"attachment_732\" aria-describedby=\"caption-attachment-732\" style=\"width: 701px\" class=\"wp-caption aligncenter\"><img loading=\"lazy\" decoding=\"async\" class=\"wp-image-732\" src=\"https:\/\/806.thomaskirche-kalender.de\/wp-content\/uploads\/2019\/05\/C20374C3-DFF2-43C4-98FE-F36E44157643-1024x683.jpeg\" alt=\"\" width=\"701\" height=\"467\" srcset=\"https:\/\/806-aphrodite.de\/wp-content\/uploads\/2019\/05\/C20374C3-DFF2-43C4-98FE-F36E44157643-1024x683.jpeg 1024w, https:\/\/806-aphrodite.de\/wp-content\/uploads\/2019\/05\/C20374C3-DFF2-43C4-98FE-F36E44157643-300x200.jpeg 300w, https:\/\/806-aphrodite.de\/wp-content\/uploads\/2019\/05\/C20374C3-DFF2-43C4-98FE-F36E44157643-768x512.jpeg 768w\" sizes=\"auto, (max-width: 701px) 100vw, 701px\" \/><figcaption id=\"caption-attachment-732\" class=\"wp-caption-text\"><em>ehemalige Hubbr\u00fccke Karnin<\/em><\/figcaption><\/figure>\n<p>Dann ins Kleine Haff. Endlose Weite, Segel hoch, aber irgendwann ist auch mal Schluss mit d\u00fcmpeln. Der Segler kennt es, wenn kaum Wind und alte D\u00fcnnung (Wellen) noch vorhanden sind, ist es eine Schaukelei und ein nerviges Segelschlagen. Irgendwann habe ich die Hoffnung nach Wind aufgegebenen und dem AB die Macht \u00fcbergeben. Dann kam auch noch die Selbststeueranlage zum Einsatz und es wurde langweilig f\u00fcr mich. Mir fiel einfach kein toller Name f\u00fcr sie ein. Kommt sicher noch. Aber ich sang Shantys aus voller Kehle. Wer sollte mich auch h\u00f6ren und den M\u00f6ven schien es nicht zu st\u00f6ren. Und es kam Kamminke in Sicht und die \u00c4ngste der unsicheren Einfahrt in den Hafen. Der NV-Verlag hat auf seine Seekarten sehr oft Einschr\u00e4nkung eingetragen, die mich sehr verunsicherten. \u201eneigt zur Versandung\u201c ect. Gl\u00fccklicherweise sah ich am Horizont ein F\u00e4hrboot kommen und drosselte meine Geschwindigkeit, um hinter ihm im in den Hafen einzulaufen. Geschafft &#8211; wieder einmal hatte ich den Papst in der Tasche. Ich sollte wohl besser Katholisch werden. War das ein sch\u00f6ner Abend. Gut gegessen und zwar eine Scholle mit Folienkartoffel und Salat an Bier und K\u00f6m. Herrlich! Ich musste zwar in der Nacht noch das Boot verlegen, wegen des aufziehenden Windes, aber daf\u00fcr ging es morgens sehr zeitig los, denn Klo, Dusche, Wasser, Strom &#8211; ist nicht.<\/p>\n<figure id=\"attachment_733\" aria-describedby=\"caption-attachment-733\" style=\"width: 701px\" class=\"wp-caption aligncenter\"><img loading=\"lazy\" decoding=\"async\" class=\"wp-image-733\" src=\"https:\/\/806.thomaskirche-kalender.de\/wp-content\/uploads\/2019\/05\/3CF34A30-E05D-4B73-8449-192FDCF4F7AD-1024x683.jpeg\" alt=\"\" width=\"701\" height=\"467\" srcset=\"https:\/\/806-aphrodite.de\/wp-content\/uploads\/2019\/05\/3CF34A30-E05D-4B73-8449-192FDCF4F7AD-1024x683.jpeg 1024w, https:\/\/806-aphrodite.de\/wp-content\/uploads\/2019\/05\/3CF34A30-E05D-4B73-8449-192FDCF4F7AD-300x200.jpeg 300w, https:\/\/806-aphrodite.de\/wp-content\/uploads\/2019\/05\/3CF34A30-E05D-4B73-8449-192FDCF4F7AD-768x512.jpeg 768w\" sizes=\"auto, (max-width: 701px) 100vw, 701px\" \/><figcaption id=\"caption-attachment-733\" class=\"wp-caption-text\"><em>Kamminke<\/em><\/figcaption><\/figure>\n<p>Den Track vom Vortag bin ich dann ganz genau zur\u00fcckgefahren, Segel gesetzt und ab durch das Stettiner Haff. Tooles Segeln und Tonnensuchen. Auf der polnischen Seite war das alles v\u00f6llig entspannt. Dann viel mir auf, dass ich ja Richtung Osten unterwegs bin und daher immer in die Sonne schauen muss. Da erkenne ich die Tonnen sehr schlecht. In Polen sind sie aber toll gepflegt. Ich kam in Wollin an und wurde sehr herzlich vom ans\u00e4ssigen Segelklub empfangen. Super moderner Anlage, neben maroden H\u00e4user und einer Stra\u00dfe, die ihren Namen nicht werten ist. Aber am Eingang stand ein Schild: Gef\u00f6rdert durch EU Mittel. Ich verstehe die politische Lage in Polen noch nicht, und was sie gegen die Europ\u00e4ische Union haben, vielleicht erkenne ich sie ja noch.<br \/>\nMal sehen. Ich war jedenfalls sehr preiswert einkaufen und habe den Regenschauer zum Kochen genutzt. Gem\u00fcse an H\u00fchnchenbrust mit einem <i>Tyskie<\/i> verfeinert.<\/p>\n<figure id=\"attachment_735\" aria-describedby=\"caption-attachment-735\" style=\"width: 701px\" class=\"wp-caption aligncenter\"><img loading=\"lazy\" decoding=\"async\" class=\"wp-image-735 \" src=\"https:\/\/806-aphrodite.de\/wp-content\/uploads\/2019\/05\/3DB1E7C2-ABFB-41C6-BDFA-2BD6377CD6DE-1024x768.jpeg\" alt=\"\" width=\"701\" height=\"525\" srcset=\"https:\/\/806-aphrodite.de\/wp-content\/uploads\/2019\/05\/3DB1E7C2-ABFB-41C6-BDFA-2BD6377CD6DE-1024x768.jpeg 1024w, https:\/\/806-aphrodite.de\/wp-content\/uploads\/2019\/05\/3DB1E7C2-ABFB-41C6-BDFA-2BD6377CD6DE-300x225.jpeg 300w, https:\/\/806-aphrodite.de\/wp-content\/uploads\/2019\/05\/3DB1E7C2-ABFB-41C6-BDFA-2BD6377CD6DE-768x576.jpeg 768w\" sizes=\"auto, (max-width: 701px) 100vw, 701px\" \/><figcaption id=\"caption-attachment-735\" class=\"wp-caption-text\"><em>Entschuldigung ich habe habe das Bett nicht gemacht.&nbsp;<\/em><\/figcaption><\/figure>\n<p>Dann ging es fr\u00fch los. Sonnenschein und sofort wurde meine Euphorie dadurch gebremst, dass die Br\u00fccke nicht \u00f6ffnete. Ein Angler rief mir zu, erst um 10 Uhr und zeigte auf ein Schild am Ufer. Also Pause. Dann kommen zwei Br\u00fccken und drei Hochspannungsleitungen in einer H\u00f6he von 12,4m. Man hatte ich schie\u00df, dass es doch nicht passt und ich als Auto-Skooter ende. Aber gut gegangen. Segel hoch und los durch die einsame Boddenlandschaft und Tonnensuchen.<br \/>\nIch wurde erstmal gebremst von einem Ruderer, der die Fahrrinne kreuzte. Wer hat nun Vorrang. Ich habe sie ihm gew\u00e4hrt, als ich den alten Mann sah, der anstatt Rimmen zwei Schneeschaufeln auf dem alten Kahn nutzte, um an das andere Ufer zu kommen. Trotzdem unterbrach er sein Rudern, um mir freundlich zuzuwinken. Es galt noch eine sehr enge Stelle mit Mindertiefe zu passieren, aber mit der Hilfe meines Plotters ging es perfekt. Was tue ich, wenn es das Ding nicht mehr macht? Den ganzen Tag habe ich kein anders Boot gesehen, au\u00dfer dem Ruderer nat\u00fcrlich. Ist das eine herrliche Landschaft.<br \/>\nDie Br\u00fccke vor Dievenow wurde noch einmal zum Adrenalin Highlight. Ein kleines Schild mit einer Telefonnummer, aber eine andere, als die im Hafenhandbuch und ohne Landeskennzahl, das ganze mit schiebender Str\u00f6mung zur Br\u00fccke hin. Klasse. Also Fluss wieder hoch und Internetrecherche, telefonieren und dann sagte der Br\u00fcckenw\u00e4rter: 14 Uhr. Alles Gut, Zeit um den Adrenalinspiegel wieder zu senken. Da kam auch schon der Hafen und endlich einmal die Beine vertreten. Da war sie wieder, das s\u00e4chsische Ehepaar mit Hund. Und schw\u00e4rmten von den schwedischen Sch\u00e4ren. Ob ich das schaffe &#8211; mir kommen schon manchmal Zweifel, ob das physisch und psychisch ertr\u00e4glich wird.<\/p>\n<figure id=\"attachment_755\" aria-describedby=\"caption-attachment-755\" style=\"width: 701px\" class=\"wp-caption aligncenter\"><img loading=\"lazy\" decoding=\"async\" class=\"wp-image-755\" src=\"https:\/\/806.thomaskirche-kalender.de\/wp-content\/uploads\/2019\/05\/AEF1351C-0986-4EFC-8A9B-F41C10247DDE-1024x683.jpeg\" alt=\"\" width=\"701\" height=\"467\" srcset=\"https:\/\/806-aphrodite.de\/wp-content\/uploads\/2019\/05\/AEF1351C-0986-4EFC-8A9B-F41C10247DDE-1024x683.jpeg 1024w, https:\/\/806-aphrodite.de\/wp-content\/uploads\/2019\/05\/AEF1351C-0986-4EFC-8A9B-F41C10247DDE-300x200.jpeg 300w, https:\/\/806-aphrodite.de\/wp-content\/uploads\/2019\/05\/AEF1351C-0986-4EFC-8A9B-F41C10247DDE-768x512.jpeg 768w\" sizes=\"auto, (max-width: 701px) 100vw, 701px\" \/><figcaption id=\"caption-attachment-755\" class=\"wp-caption-text\"><em>Strand von Dziwn\u00f3w <\/em><\/figcaption><\/figure>\n<p>Dann sah ich auf die Ostsee, die Hafenausfahrt und ich wusste da &nbsp;&#8211; ich werde es auf jedenfalls versuchen.<\/p>\n<p>Das ging dann schon morgens um 7 Uhr los. Es wurden bis 16 Uhr noch ertr\u00e4gliche Winde vorhersagt. Also los. Erst einmal 5sm raus nach Norden, um des Sperrgebiet zu umfahren und das beim feinstem Gennakerkurs. Wasser, soweit der Blick reicht. Nur nach G\u00fclle roch es schon mal, wer weis was da im Sperrgebiet so vor sich geht.&nbsp;<\/p>\n<p><img loading=\"lazy\" decoding=\"async\" class=\" wp-image-756 aligncenter\" src=\"https:\/\/806.thomaskirche-kalender.de\/wp-content\/uploads\/2019\/05\/E67EE09E-E906-47E8-99C4-B62120B29E52-1024x683.jpeg\" alt=\"\" width=\"699\" height=\"466\" srcset=\"https:\/\/806-aphrodite.de\/wp-content\/uploads\/2019\/05\/E67EE09E-E906-47E8-99C4-B62120B29E52-1024x683.jpeg 1024w, https:\/\/806-aphrodite.de\/wp-content\/uploads\/2019\/05\/E67EE09E-E906-47E8-99C4-B62120B29E52-300x200.jpeg 300w, https:\/\/806-aphrodite.de\/wp-content\/uploads\/2019\/05\/E67EE09E-E906-47E8-99C4-B62120B29E52-768x512.jpeg 768w\" sizes=\"auto, (max-width: 699px) 100vw, 699px\" \/><\/p>\n<p>Dann Wende bei 60 Grad zum Wind von 12-15 Kn ideale Vorraussetzungen f\u00fcr eine schnelle \u00dcberfahrt nach Kolberg. Sie wurde gelegentlich auch ziemlich flott (7,4Kn Speed) da es schon B\u00f6en um 25 Kn dabei gab. Aber alles gut &#8211; Sonne, warm eingemummelt, und angeschnallt. Nur, die Pinne konnte ich nicht loslassen. Auch wollten der Traweler, die Gro\u00dfschot und der Achterstagspanner bedient werden. &nbsp;War schon anstrengend \u00fcber 6 Stunden langes Training der linken Arm-, Bein- und Bauchmuskulatur.&nbsp;<\/p>\n<p>Die Einfahrt in den Hafen von Kolberg wurde mir vom vorausfahrenden Piratenausflugwikingerschiff gezeigt. Der \u201eAnleger\u201c fiel wieder hochprozentig aus, da wieder eine Schnapszahl auf der Log stand: 333sm. Wenn das so weiter geht werde ich noch Alkoholiker.<br \/>\nDie Stadt hat sehr gro\u00dfe Gegens\u00e4tze. Einmal ist es ein Kurort mit wundersch\u00f6nen Parks, indem meistens deutsche Rentner flanieren, zum anderen eine Industriestadt f\u00fcr Fisch und Holz. Der Mariendom ist umringt von Plattenbauten aus der Sozialistischen Zeit und einer &nbsp;Einkaufspassage und das historische Rathaus vom nicht gelungenem Nachbauen von Hanseh\u00e4user mit Plattenbautechnik eingerahmt.<br \/>\nAn einer Bushaltestelle fiel mir eine Menschentraube auf, die mit dem Gesicht in die Mitte da im Kreis stand. Ich dachte: Tuschelkreis? Aber weit gefehlt, der \u00f6rtliche Verkehrsbetrieb hat an Haltestellen S\u00e4ulen aufgestellt. Es sind Smartphone Charger und WiFi-Hotspot, das nenne ich mal eine exportierende &nbsp;Idee.<br \/>\nIch werde noch ein Tag bleiben, aber wegen des aufziehenden Regens.<br \/>\nGerade kommen zwei Polen, die schon l\u00e4nger die <i>Aphrodite<\/i> vom Steg be\u00e4ugelt hatten, auf mich zu. Bei mir stellt sich ein sonderbares Gef\u00fchl ein, aber da fragte einer recht freudlichen&nbsp;nach dem Speed, welches das Boot erreichen kann und meinem Vorhaben. Ich erntete nach der Schilderung meines Vorhabes ein: &nbsp;You are taff. Na, ob er recht beh\u00e4lt?<br \/>\nAls ich vom Einkaufen zur\u00fcck zum Hafen kann, da war die <i>Keto<\/i> wieder mit dem Ehepaar aus Dresden einschlie\u00dflich Hund. Ich bekam n\u00fctzliche Tipps f\u00fcr die weitere Reise und erfuhr, dass sie fast auf der gleichen Route unterwegs sind.<\/p>\n<div id=\"sitelock_shield_logo\" class=\"fixed_btm\" style=\"bottom: 0; position: fixed; _position: absolute; right: 0;\"><a href=\"https:\/\/www.sitelock.com\/verify.php?site=thomaskirche-kalender.de\"><img decoding=\"async\" title=\"SiteLock\" src=\"\/\/shield.sitelock.com\/shield\/thomaskirche-kalender.de\" alt=\"malware removal and website security\"><\/a><\/div>\n","protected":false},"excerpt":{"rendered":"<p>Als in Peenem\u00fcnde das gro\u00dfe Geb\u00e4ude der Raketenversuchsanlage und heutigen Museum in Sicht kam, auf dem ich beim Besuch vor Jahren zu meiner Frau Petra sagte: \u201eDa werde ich vorbeisegeln\u201c, muss ich an ihren Blick denken. Er hat so eine gewisse Zweideutigkeit innig, einmal \u201eNa, rede du mal\u201c oder \u201eSchei.., der zieht das wirklich durch\u201c. &hellip; <a href=\"https:\/\/806-aphrodite.de\/?page_id=729\" class=\"more-link\"><span class=\"screen-reader-text\">3- von Kr\u00f6slin nach Kolberg<\/span> weiterlesen<\/a><\/p>\n","protected":false},"author":1,"featured_media":0,"parent":613,"menu_order":3,"comment_status":"closed","ping_status":"closed","template":"","meta":{"ngg_post_thumbnail":0,"jetpack_post_was_ever_published":false,"footnotes":""},"class_list":["post-729","page","type-page","status-publish","hentry"],"jetpack_sharing_enabled":true,"_links":{"self":[{"href":"https:\/\/806-aphrodite.de\/index.php?rest_route=\/wp\/v2\/pages\/729","targetHints":{"allow":["GET"]}}],"collection":[{"href":"https:\/\/806-aphrodite.de\/index.php?rest_route=\/wp\/v2\/pages"}],"about":[{"href":"https:\/\/806-aphrodite.de\/index.php?rest_route=\/wp\/v2\/types\/page"}],"author":[{"embeddable":true,"href":"https:\/\/806-aphrodite.de\/index.php?rest_route=\/wp\/v2\/users\/1"}],"replies":[{"embeddable":true,"href":"https:\/\/806-aphrodite.de\/index.php?rest_route=%2Fwp%2Fv2%2Fcomments&post=729"}],"version-history":[{"count":22,"href":"https:\/\/806-aphrodite.de\/index.php?rest_route=\/wp\/v2\/pages\/729\/revisions"}],"predecessor-version":[{"id":1712,"href":"https:\/\/806-aphrodite.de\/index.php?rest_route=\/wp\/v2\/pages\/729\/revisions\/1712"}],"up":[{"embeddable":true,"href":"https:\/\/806-aphrodite.de\/index.php?rest_route=\/wp\/v2\/pages\/613"}],"wp:attachment":[{"href":"https:\/\/806-aphrodite.de\/index.php?rest_route=%2Fwp%2Fv2%2Fmedia&parent=729"}],"curies":[{"name":"wp","href":"https:\/\/api.w.org\/{rel}","templated":true}]}}