{"id":786,"date":"2019-05-13T15:48:38","date_gmt":"2019-05-13T14:48:38","guid":{"rendered":"https:\/\/806-Aphrodite.de\/?page_id=786"},"modified":"2021-02-06T15:47:13","modified_gmt":"2021-02-06T14:47:13","slug":"4-von-ruegenwalde-nach","status":"publish","type":"page","link":"https:\/\/806-aphrodite.de\/?page_id=786","title":{"rendered":"4- von R\u00fcgenwalde nach Hel"},"content":{"rendered":"<p>Nach der Ausfahrt in Kolberg habe ich den Gennaker ausgerollt und los ging es nach R\u00fcgenwalde. Ich \u201esurfte\u201c auf&nbsp;den Wellen mit optimalem Kurs. 8,8 Knoten war mein Highscore. Irgendwann wurde der Tag doch schon lang und es stellten sich Erm\u00fcdungserscheinungen ein. Aber der Adrenalinspiegel schnellt in die H\u00f6he,&nbsp;als ich die brechnen Wellen in der Hafeneinfahrt von R\u00fcgenwalde sah. Mit Au\u00dfenborder war da nichts zu machen. Also blieb nur reinsegeln und im Vorhafenbecken &nbsp;hoffen, dass der Au\u00dfenborder anspringt. Er tat es und seitdem hei\u00dft er nun <i>HEINI<\/i> bei mir. Klein, tut was ich ihm sage, ohne Murren und dumme Kommentare. Im Nachhinein dachte ich schon an den Film \u201eVerschollen\u201c mit Tom Hanks, aber so weit ist es noch nicht, dass ich mit <i>Heini<\/i> l\u00e4ngere Gespr\u00e4che f\u00fchre. Der Handschuh hat nur praktische Gr\u00fcnde, da das Gummi der Pinne sich am Heck abrubbelt &#8211; Ehrlich!&nbsp;<\/p>\n<p><img loading=\"lazy\" decoding=\"async\" class=\" wp-image-790 aligncenter\" src=\"https:\/\/806.thomaskirche-kalender.de\/wp-content\/uploads\/2019\/05\/05ACAFF2-A81B-4DD3-937D-58F4B91780D4-1024x768.jpeg\" alt=\"\" width=\"699\" height=\"524\" srcset=\"https:\/\/806-aphrodite.de\/wp-content\/uploads\/2019\/05\/05ACAFF2-A81B-4DD3-937D-58F4B91780D4-1024x768.jpeg 1024w, https:\/\/806-aphrodite.de\/wp-content\/uploads\/2019\/05\/05ACAFF2-A81B-4DD3-937D-58F4B91780D4-300x225.jpeg 300w, https:\/\/806-aphrodite.de\/wp-content\/uploads\/2019\/05\/05ACAFF2-A81B-4DD3-937D-58F4B91780D4-768x576.jpeg 768w\" sizes=\"auto, (max-width: 699px) 100vw, 699px\" \/><br \/>\nDie Br\u00fccke wurde ge\u00f6ffnet und ab in das nahe Hafenbecken, wo mich der Hafenmeister schon empfing und die Vorderleine annahm. Nur das Belegen an der Klampe sollte er noch einmal \u00fcben. An den ums\u00e4umenden Kais liegen Fischerboote, die nun Hobbyangler auf die Ostsee hinausfahren. Es muss schon ein guter Fang gewesen sein, nach den lauten Gespr\u00e4chen mit ordentliche ge\u00f6lter Kehle. Dass dies auch schon um 5 Uhr morgens beim Auslaufen dann so weiter ging, damit hatte ich nicht gerechnet. Da ich sowieso die 7-Uhr-\u00d6ffnung der Br\u00fccke nicht verpassen wollte, da es mit \u00fcber 50 sm ein langer Tag sein w\u00fcrde, st\u00f6rte es mich nicht sonderlich. Dann sah ich die <i>Keto<\/i> vor mir in der Einfahrt auf den Wellen tanzen. Mist was mache ich. Na, segeln, obwohl der Wind genau von vorn kam. Das gereffte Gro\u00dfsegel gesetzt und im Vorhafen einen Probeschlag und dann mit viel Mut auf die Backbordmole zu, in der Welle eine Wende und die Wellen nach Steuerbord hinauf gesegelt. Als ich im ruhigem Wasser war, musst ich gestehen \u201eMan, war das geil!\u201c gerufen zu haben. Es konnte auch sicher an dem wunderbar geschnitten Foliensegel von North Sails gelegen haben. Fock gesetzt und erstmal hoch am Wind zum ersten polnischen Sperrgebiet.<\/p>\n<p><img loading=\"lazy\" decoding=\"async\" class=\" wp-image-791 aligncenter\" src=\"https:\/\/806.thomaskirche-kalender.de\/wp-content\/uploads\/2019\/05\/53B9E835-4890-4B2E-B67D-A2C956B9C1BE-1024x683.jpeg\" alt=\"\" width=\"699\" height=\"466\" srcset=\"https:\/\/806-aphrodite.de\/wp-content\/uploads\/2019\/05\/53B9E835-4890-4B2E-B67D-A2C956B9C1BE-1024x683.jpeg 1024w, https:\/\/806-aphrodite.de\/wp-content\/uploads\/2019\/05\/53B9E835-4890-4B2E-B67D-A2C956B9C1BE-300x200.jpeg 300w, https:\/\/806-aphrodite.de\/wp-content\/uploads\/2019\/05\/53B9E835-4890-4B2E-B67D-A2C956B9C1BE-768x512.jpeg 768w\" sizes=\"auto, (max-width: 699px) 100vw, 699px\" \/><\/p>\n<p>Sonntags wird nicht geschossen, hie\u00df es. Mal sehen. Denn danach ging es mit nicht ganz optimalen Gennakerkurs an der K\u00fcste entlang, also ein nicht zu \u00fcbersehenes Ziel f\u00fcr das polnische Milit\u00e4r. Die Wellen waren schon ungewohnt hoch und der Wind wurde mit 10 Knoten weniger, was zur Folge hatte, dass der Gennaker gelegentlich einfiel. Trotzdem habe ich den Highscore auf 9 kn angehoben. Es war sehr anstrengend und als noch eine Patenthalse mir den Baum an den Kopf schlug, war ich soweit, mein Vorhaben ernsthaft in Frage &nbsp;zu stellen. Aber trotzdem habe ich es geschafft in den gesch\u00fctzten Hafen von Leba zu kommen.&nbsp;<br \/>\nDa ich nun keine Lust mehr aufs Kochen hatte, wollte ich ein Restaurant aufsuchen. Au\u00dfer einer Pizzeria war alles zugenagelt und wartet auf den Sommer. In der Pizzeria war ein Tisch mit einem P\u00e4rchen meines Alters belegt. Ich nahm schweigend am Nachbartisch platz. Sie waren Deutsche und haben sich \u00fcberwiegend gestritten, verletzende Worte ausgewechselt oder gemeinsam \u00fcber das Essen hergezogen. Ich dache mir, warum vergeuden wir unsere begrenzte Lebenszeit mit so unsch\u00f6nen Dingen im Leben. Sollten wir uns nicht mehr auf die Freude und das partnerschaftliche Miteinander konzentrieren, anstatt sie mit Streit und \u00c4rger zu vergeuden. Ich habe mir daraufhin fest &nbsp;vorgenommen, bewusster und freundlicher den Umgang mit Menschen zu pflegen. Daran erinnert mich nun eine Pizzeria in Leba.&nbsp;<\/p>\n<figure id=\"attachment_781\" aria-describedby=\"caption-attachment-781\" style=\"width: 700px\" class=\"wp-caption aligncenter\"><img loading=\"lazy\" decoding=\"async\" class=\"wp-image-781\" src=\"https:\/\/806.thomaskirche-kalender.de\/wp-content\/uploads\/2019\/05\/A6C749AA-1A9E-45FE-BB50-C4F512332256-1024x768.jpeg\" alt=\"\" width=\"700\" height=\"525\" srcset=\"https:\/\/806-aphrodite.de\/wp-content\/uploads\/2019\/05\/A6C749AA-1A9E-45FE-BB50-C4F512332256-1024x768.jpeg 1024w, https:\/\/806-aphrodite.de\/wp-content\/uploads\/2019\/05\/A6C749AA-1A9E-45FE-BB50-C4F512332256-300x225.jpeg 300w, https:\/\/806-aphrodite.de\/wp-content\/uploads\/2019\/05\/A6C749AA-1A9E-45FE-BB50-C4F512332256-768x576.jpeg 768w\" sizes=\"auto, (max-width: 700px) 100vw, 700px\" \/><figcaption id=\"caption-attachment-781\" class=\"wp-caption-text\"><em>Der Strand von Leba<\/em><\/figcaption><\/figure>\n<p>Das wurde ein langer Aufenthalt in Leba, da der st\u00e4rker werdende Nordostwind die Wellen auf die M\u00fcndung der Leba dr\u00fcckte und dadurch ein un\u00fcberbr\u00fcckbares Hindernis f\u00fcr die <i>Aphrodite<\/i> darstellte. Auch schreckte mich der Ruderbruch meiner Stegnachbarn mit der <i>Elements<\/i>, die von der Rettungswacht spektakul\u00e4r wieder in den Hafen zur\u00fcckgeschleppt wurden, zur\u00fcck. Am Abend las Sven noch einmal die Tageslosung aus der Bibel vor und ich musste zugeben, die passte sehr genau auf ihr Erlebnis.<br \/>\nAber es ergab sich eine M\u00f6glichkeit zum Sonnenaufgang am Samstag. Die laut diskutierenden Angler im Nachbarboot halfen mir um kurz nach drei Uhr aufzustehen. Dann ging\u2019s los, erst mit zu wenig Wind, aber tollen Sonnenaufgang,&nbsp;<\/p>\n<p><img loading=\"lazy\" decoding=\"async\" class=\" wp-image-813 aligncenter\" src=\"https:\/\/806.thomaskirche-kalender.de\/wp-content\/uploads\/2019\/05\/092BF848-EF43-4BD0-88EB-CF96236FF95D-1024x683.jpeg\" alt=\"\" width=\"699\" height=\"466\" srcset=\"https:\/\/806-aphrodite.de\/wp-content\/uploads\/2019\/05\/092BF848-EF43-4BD0-88EB-CF96236FF95D-1024x683.jpeg 1024w, https:\/\/806-aphrodite.de\/wp-content\/uploads\/2019\/05\/092BF848-EF43-4BD0-88EB-CF96236FF95D-300x200.jpeg 300w, https:\/\/806-aphrodite.de\/wp-content\/uploads\/2019\/05\/092BF848-EF43-4BD0-88EB-CF96236FF95D-768x512.jpeg 768w\" sizes=\"auto, (max-width: 699px) 100vw, 699px\" \/><\/p>\n<p>danach kam Nebel, Wind von Nordost und sp\u00e4ter gesellte sich noch ergiebiger Regen dazu. So gefroren habe ich Mitte Mai noch nie.<\/p>\n<p><img loading=\"lazy\" decoding=\"async\" class=\" wp-image-812 aligncenter\" src=\"https:\/\/806.thomaskirche-kalender.de\/wp-content\/uploads\/2019\/05\/E9E5E2C5-C40B-4CCD-8609-62064031ADE2-1024x620.jpeg\" alt=\"\" width=\"700\" height=\"424\" srcset=\"https:\/\/806-aphrodite.de\/wp-content\/uploads\/2019\/05\/E9E5E2C5-C40B-4CCD-8609-62064031ADE2-1024x620.jpeg 1024w, https:\/\/806-aphrodite.de\/wp-content\/uploads\/2019\/05\/E9E5E2C5-C40B-4CCD-8609-62064031ADE2-300x182.jpeg 300w, https:\/\/806-aphrodite.de\/wp-content\/uploads\/2019\/05\/E9E5E2C5-C40B-4CCD-8609-62064031ADE2-768x465.jpeg 768w, https:\/\/806-aphrodite.de\/wp-content\/uploads\/2019\/05\/E9E5E2C5-C40B-4CCD-8609-62064031ADE2.jpeg 2042w\" sizes=\"auto, (max-width: 700px) 100vw, 700px\" \/><\/p>\n<p>Es wurden \u00fcber 40 sm draus und die Distanz nach Hel h\u00e4tte ich k\u00f6rperlich nicht mehr geschafft. So lief ich den Hafen von Wladyskawowo an, vor dem alle Hafenhandb\u00fccher warnen. Und sie haben recht behalten, so ein dreckiger Hafen mit grenzwertigem Klohaus und einer h\u00e4sslichen Innenstadt, wo es wohl im Sommer im Freizeitpark richtig abgehen soll, habe ich bis jetzt noch nicht erlebt. Daher ging es am n\u00e4chsten Tag zeitig zusammen mit der <i>Keto<\/i> ab Richtung Hel. Der m\u00e4\u00dfige Wind von vorn bescherte einen gem\u00fctlichen Segeltag zum Ausgleich des vergangenen Tages und ein Fotoshootings mit der <i>Aphrodite<\/i>.<\/p>\n<p><img loading=\"lazy\" decoding=\"async\" class=\" wp-image-815 aligncenter\" src=\"https:\/\/806.thomaskirche-kalender.de\/wp-content\/uploads\/2019\/05\/D4A9AEB3-7512-4967-A98A-1A633962BCFB-1024x683.jpeg\" alt=\"\" width=\"698\" height=\"465\" srcset=\"https:\/\/806-aphrodite.de\/wp-content\/uploads\/2019\/05\/D4A9AEB3-7512-4967-A98A-1A633962BCFB-1024x683.jpeg 1024w, https:\/\/806-aphrodite.de\/wp-content\/uploads\/2019\/05\/D4A9AEB3-7512-4967-A98A-1A633962BCFB-300x200.jpeg 300w, https:\/\/806-aphrodite.de\/wp-content\/uploads\/2019\/05\/D4A9AEB3-7512-4967-A98A-1A633962BCFB-768x512.jpeg 768w\" sizes=\"auto, (max-width: 698px) 100vw, 698px\" \/><\/p>\n<p>Hel war mir schon bekannt und daher wu\u00dfte ich auch wo es den leckersten Fisch gibt. Der Abend klang mit einer Flasche Primitivo im Salon der <i>Keto<\/i> aus und nach einer erholsamen Nacht kam das b\u00f6se Erwachen, da das futuristische Sanit\u00e4rgeb\u00e4ude nur von 17-20 Uhr ge\u00f6ffnet hat. Ich bin ja auch Camper, so nahm ich das IPhone zu Hand und &nbsp;schnell den n\u00e4chsten Campingplatz rausgesucht. Nach einem kleinen Morgenspaziergang fand ich ihn unweit des Strandes. Das Schimpfen \u00fcber den schlechten Hafenservice hatte den Platzwart zum Mitleid veranlasst und er \u00fcberlie\u00df mir kostenfrei einen Einzelwaschraum. Noch einmal Danke f\u00fcr die Rettung an ihn, denn es war schon sehr n\u00f6tig, und damit meinte ich nicht nur das Duschen.&nbsp;<\/p>\n<p><img loading=\"lazy\" decoding=\"async\" class=\" wp-image-817 aligncenter\" src=\"https:\/\/806.thomaskirche-kalender.de\/wp-content\/uploads\/2019\/05\/93847A9C-2D1F-4420-B0D6-D246FB2447C5-1024x683.jpeg\" alt=\"\" width=\"699\" height=\"466\" srcset=\"https:\/\/806-aphrodite.de\/wp-content\/uploads\/2019\/05\/93847A9C-2D1F-4420-B0D6-D246FB2447C5-1024x683.jpeg 1024w, https:\/\/806-aphrodite.de\/wp-content\/uploads\/2019\/05\/93847A9C-2D1F-4420-B0D6-D246FB2447C5-300x200.jpeg 300w, https:\/\/806-aphrodite.de\/wp-content\/uploads\/2019\/05\/93847A9C-2D1F-4420-B0D6-D246FB2447C5-768x512.jpeg 768w\" sizes=\"auto, (max-width: 699px) 100vw, 699px\" \/><\/p>\n<div id=\"sitelock_shield_logo\" class=\"fixed_btm\" style=\"bottom: 0; position: fixed; _position: absolute; right: 0;\"><a href=\"https:\/\/www.sitelock.com\/verify.php?site=thomaskirche-kalender.de\"><img decoding=\"async\" title=\"SiteLock\" src=\"\/\/shield.sitelock.com\/shield\/thomaskirche-kalender.de\" alt=\"malware removal and website security\"><\/a><\/div>\n","protected":false},"excerpt":{"rendered":"<p>Nach der Ausfahrt in Kolberg habe ich den Gennaker ausgerollt und los ging es nach R\u00fcgenwalde. Ich \u201esurfte\u201c auf&nbsp;den Wellen mit optimalem Kurs. 8,8 Knoten war mein Highscore. Irgendwann wurde der Tag doch schon lang und es stellten sich Erm\u00fcdungserscheinungen ein. Aber der Adrenalinspiegel schnellt in die H\u00f6he,&nbsp;als ich die brechnen Wellen in der Hafeneinfahrt &hellip; <a href=\"https:\/\/806-aphrodite.de\/?page_id=786\" class=\"more-link\"><span class=\"screen-reader-text\">4- von R\u00fcgenwalde nach Hel<\/span> weiterlesen<\/a><\/p>\n","protected":false},"author":1,"featured_media":0,"parent":613,"menu_order":4,"comment_status":"closed","ping_status":"closed","template":"","meta":{"ngg_post_thumbnail":0,"jetpack_post_was_ever_published":false,"footnotes":""},"class_list":["post-786","page","type-page","status-publish","hentry"],"jetpack_sharing_enabled":true,"_links":{"self":[{"href":"https:\/\/806-aphrodite.de\/index.php?rest_route=\/wp\/v2\/pages\/786","targetHints":{"allow":["GET"]}}],"collection":[{"href":"https:\/\/806-aphrodite.de\/index.php?rest_route=\/wp\/v2\/pages"}],"about":[{"href":"https:\/\/806-aphrodite.de\/index.php?rest_route=\/wp\/v2\/types\/page"}],"author":[{"embeddable":true,"href":"https:\/\/806-aphrodite.de\/index.php?rest_route=\/wp\/v2\/users\/1"}],"replies":[{"embeddable":true,"href":"https:\/\/806-aphrodite.de\/index.php?rest_route=%2Fwp%2Fv2%2Fcomments&post=786"}],"version-history":[{"count":28,"href":"https:\/\/806-aphrodite.de\/index.php?rest_route=\/wp\/v2\/pages\/786\/revisions"}],"predecessor-version":[{"id":1705,"href":"https:\/\/806-aphrodite.de\/index.php?rest_route=\/wp\/v2\/pages\/786\/revisions\/1705"}],"up":[{"embeddable":true,"href":"https:\/\/806-aphrodite.de\/index.php?rest_route=\/wp\/v2\/pages\/613"}],"wp:attachment":[{"href":"https:\/\/806-aphrodite.de\/index.php?rest_route=%2Fwp%2Fv2%2Fmedia&parent=786"}],"curies":[{"name":"wp","href":"https:\/\/api.w.org\/{rel}","templated":true}]}}