{"id":884,"date":"2019-05-31T11:03:46","date_gmt":"2019-05-31T10:03:46","guid":{"rendered":"https:\/\/806-Aphrodite.de\/?page_id=884"},"modified":"2021-02-06T14:50:50","modified_gmt":"2021-02-06T13:50:50","slug":"6-von-klaipeda-nach","status":"publish","type":"page","link":"https:\/\/806-aphrodite.de\/?page_id=884","title":{"rendered":"6- von Klaipeda nach Ventspil"},"content":{"rendered":"<p>Die Wetteraussichten waren fantastisch und es ging los nach Liepaja in Lettland. &nbsp;An dem Kreuzfahrer Queen Victoria vorbei auf die Ostsee. Die litauische K\u00fcstenwache lie\u00df es sich nicht nehmen mit einem Schlauchboot angerast zu kommen, um zu kontrollieren ob ich mich auch ordentlich abgemeldet hatte. Hatte ich und somit &nbsp;konnte ich den achterlich Wind und die Sonne ausnutzten, um nach Liepaja zu kommen.&nbsp;<\/p>\n<p><img loading=\"lazy\" decoding=\"async\" class=\" wp-image-885 aligncenter\" src=\"https:\/\/806.thomaskirche-kalender.de\/wp-content\/uploads\/2019\/05\/3F1C2859-3A6A-45E2-87A6-83947BC4A610-1024x681.jpeg\" alt=\"\" width=\"701\" height=\"466\" srcset=\"https:\/\/806-aphrodite.de\/wp-content\/uploads\/2019\/05\/3F1C2859-3A6A-45E2-87A6-83947BC4A610-1024x681.jpeg 1024w, https:\/\/806-aphrodite.de\/wp-content\/uploads\/2019\/05\/3F1C2859-3A6A-45E2-87A6-83947BC4A610-300x200.jpeg 300w, https:\/\/806-aphrodite.de\/wp-content\/uploads\/2019\/05\/3F1C2859-3A6A-45E2-87A6-83947BC4A610-768x511.jpeg 768w, https:\/\/806-aphrodite.de\/wp-content\/uploads\/2019\/05\/3F1C2859-3A6A-45E2-87A6-83947BC4A610.jpeg 1920w\" sizes=\"auto, (max-width: 701px) 100vw, 701px\" \/><\/p>\n<p>Acht Stunden mit dem selben Gennakerkurs und ordentlich Welle hinterlie\u00df einen trainierten rechten Bizeps und platt gesessenen Hintern. Eine gesperrte Zone, wegen versenkten alter Kriegsschiffswracks, habe ich geschnippelt, denn weit vor mir surfte die <i>Muskat<\/i> mit gleichen Kurs auf den Wellen. Da sagte ich mir: Hinterher, wenn die explodieren kann ich immer noch anluven. Alles gut gegangen und ein tolles Foto habe ich auch bekommen.<\/p>\n<figure id=\"attachment_923\" aria-describedby=\"caption-attachment-923\" style=\"width: 440px\" class=\"wp-caption alignleft\"><img loading=\"lazy\" decoding=\"async\" class=\"wp-image-923\" src=\"https:\/\/806-aphrodite.de\/wp-content\/uploads\/2019\/06\/5C0E669F-0471-4C48-9C24-C7B707577327-300x200.jpeg\" alt=\"\" width=\"440\" height=\"293\" srcset=\"https:\/\/806-aphrodite.de\/wp-content\/uploads\/2019\/06\/5C0E669F-0471-4C48-9C24-C7B707577327-300x200.jpeg 300w, https:\/\/806-aphrodite.de\/wp-content\/uploads\/2019\/06\/5C0E669F-0471-4C48-9C24-C7B707577327-768x512.jpeg 768w, https:\/\/806-aphrodite.de\/wp-content\/uploads\/2019\/06\/5C0E669F-0471-4C48-9C24-C7B707577327-1024x683.jpeg 1024w\" sizes=\"auto, (max-width: 440px) 100vw, 440px\" \/><figcaption id=\"caption-attachment-923\" class=\"wp-caption-text\"><em>Manchmal ist die Zeit in Liepaja stehen geblieben<\/em><\/figcaption><\/figure>\n<p>Der Hafen von Liepaja ist nicht im eigentlichen Sinne ein Jachthafen. Fischer, Holzfrachter, die lettische Marine und ganz am Ende ein kleiner Steg mit einem Klo-Container und ein B\u00fcroh\u00e4uschen. Zum Waschen und Duschen bekommt man einen Gutschein f\u00fcr eine knapp einen Kilometer entfernte Muckibude. Ich kam mir ein bisschen unterentwickelt neben den massigen Muskelpaketen vor. Hier m\u00f6chte ich nicht im Sommer sein, wenn mal richtig was los ist. Am folgenden Tag war leichter Regen angesagt und da ich unbedingt nach Riga wollte lief ich zum Bahnhof und setzte mich in den Bus. Ich bekomme wie alle anderen einen festen Sitzplatz mit dem Kauf des Tickets zugewiesen, was vom strengen Bussfahrer genauestens kontrolliert wird. Auf den Tickets steht auch das Ziel drauf, daher weis der Busfahrer auch wo er wen rauslassen soll. Alles v\u00f6llig stressfrei und ruhig. So vergingen die vier Stunden angenehm, da ich eine h\u00fcbsche schlanke Sitznachbarin hatte. Es h\u00e4tte auch anders ausgehen k\u00f6nnen, da die \u00e4lteren Lettinnen schon eine gewisse K\u00f6rperf\u00fclle mitbringen.<br \/>\nIn Riga angekommen nieselte es und ich wandelte erst einmal durch die Stadt und suchte meine gebuchte Unterkunft auf.<\/p>\n<figure id=\"attachment_913\" aria-describedby=\"caption-attachment-913\" style=\"width: 702px\" class=\"wp-caption aligncenter\"><img loading=\"lazy\" decoding=\"async\" class=\"wp-image-913\" src=\"https:\/\/806.thomaskirche-kalender.de\/wp-content\/uploads\/2019\/06\/23188793-6C1E-4C54-9FCF-ACCF53531C6B-1024x683.jpeg\" alt=\"\" width=\"702\" height=\"468\" srcset=\"https:\/\/806-aphrodite.de\/wp-content\/uploads\/2019\/06\/23188793-6C1E-4C54-9FCF-ACCF53531C6B-1024x683.jpeg 1024w, https:\/\/806-aphrodite.de\/wp-content\/uploads\/2019\/06\/23188793-6C1E-4C54-9FCF-ACCF53531C6B-300x200.jpeg 300w, https:\/\/806-aphrodite.de\/wp-content\/uploads\/2019\/06\/23188793-6C1E-4C54-9FCF-ACCF53531C6B-768x512.jpeg 768w\" sizes=\"auto, (max-width: 702px) 100vw, 702px\" \/><figcaption id=\"caption-attachment-913\" class=\"wp-caption-text\"><em>Prunkh\u00e4user in Riga<\/em><\/figcaption><\/figure>\n<p>Da stand ich vor einem repr\u00e4sentatives Gr\u00fcnderzeithaus und suchte den Eingang. Im Hinterhaus fand ich ihn dann auch. Ist schon komisch, wenn alle anderen G\u00e4ste ungef\u00e4hr ein Drittel so alt sind wie man selber. Aber das Zimmer war v\u00f6llig in Ordnung und meine Bef\u00fcrchtung mit dem gemeinsamen Badezimmer best\u00e4tigten sich nicht. Also los in das Nachleben von Riga. <img loading=\"lazy\" decoding=\"async\" class=\"alignleft wp-image-903 size-medium\" src=\"https:\/\/806.thomaskirche-kalender.de\/wp-content\/uploads\/2019\/06\/75329424-3959-4F61-9E81-FA77803B67B8-300x225.jpeg\" alt=\"\" width=\"300\" height=\"225\" srcset=\"https:\/\/806-aphrodite.de\/wp-content\/uploads\/2019\/06\/75329424-3959-4F61-9E81-FA77803B67B8-300x225.jpeg 300w, https:\/\/806-aphrodite.de\/wp-content\/uploads\/2019\/06\/75329424-3959-4F61-9E81-FA77803B67B8-768x576.jpeg 768w, https:\/\/806-aphrodite.de\/wp-content\/uploads\/2019\/06\/75329424-3959-4F61-9E81-FA77803B67B8-1024x768.jpeg 1024w\" sizes=\"auto, (max-width: 300px) 100vw, 300px\" \/><br \/>\nIch blieb in einem Rockcafe h\u00e4ngen, welches nicht zu der bekannten Kette geh\u00f6rte und lies es mir bei fetziger Musik gutgehen. Das Essen war super und Grimmbergen Bier vom Fass, was zu einem unschlagbaren g\u00fcnstigen Preis angeboten wurde. Da verdienen sich die Belgier und Holl\u00e4ndern &nbsp;ja eine goldene Nase im eigenen Land.<br \/>\nAm Morgen weckte mich die Sonne auf und Rigas Altstadt musste entdeckt werden. Eine eindrucksvolle, repr\u00e4sentative und \u00fcberw\u00e4ltigende Stadt zeigte sich mir.<\/p>\n<p><img loading=\"lazy\" decoding=\"async\" class=\" wp-image-914 aligncenter\" src=\"https:\/\/806.thomaskirche-kalender.de\/wp-content\/uploads\/2019\/06\/51425238-AFE7-4D18-BA3C-6FCD78C3411F-1024x683.jpeg\" alt=\"\" width=\"699\" height=\"466\" srcset=\"https:\/\/806-aphrodite.de\/wp-content\/uploads\/2019\/06\/51425238-AFE7-4D18-BA3C-6FCD78C3411F-1024x683.jpeg 1024w, https:\/\/806-aphrodite.de\/wp-content\/uploads\/2019\/06\/51425238-AFE7-4D18-BA3C-6FCD78C3411F-300x200.jpeg 300w, https:\/\/806-aphrodite.de\/wp-content\/uploads\/2019\/06\/51425238-AFE7-4D18-BA3C-6FCD78C3411F-768x512.jpeg 768w\" sizes=\"auto, (max-width: 699px) 100vw, 699px\" \/><\/p>\n<p><img loading=\"lazy\" decoding=\"async\" class=\" wp-image-916 aligncenter\" src=\"https:\/\/806.thomaskirche-kalender.de\/wp-content\/uploads\/2019\/06\/988454CF-70E3-4C97-8E46-F43D3E813E0C-1024x683.jpeg\" alt=\"\" width=\"701\" height=\"467\" srcset=\"https:\/\/806-aphrodite.de\/wp-content\/uploads\/2019\/06\/988454CF-70E3-4C97-8E46-F43D3E813E0C-1024x683.jpeg 1024w, https:\/\/806-aphrodite.de\/wp-content\/uploads\/2019\/06\/988454CF-70E3-4C97-8E46-F43D3E813E0C-300x200.jpeg 300w, https:\/\/806-aphrodite.de\/wp-content\/uploads\/2019\/06\/988454CF-70E3-4C97-8E46-F43D3E813E0C-768x512.jpeg 768w\" sizes=\"auto, (max-width: 701px) 100vw, 701px\" \/><\/p>\n<p>Dann auf dem Markt Rigas, der fast ein eigenen Stadtteil darstellt, so rissig ist er. Ich w\u00fcrde vom Angebot erschlagen und konnte mir nur die Mengen von Blumen, Gem\u00fcse, Fleisch, Fisch und Obst so erkl\u00e4ren, dass die Letten eine Abneigungen gegen eingeschwei\u00dfte Portionen aus dem Supermarkt haben. Daran k\u00f6nnen wir uns ein gutes Beispiel nehmen.<\/p>\n<figure id=\"attachment_918\" aria-describedby=\"caption-attachment-918\" style=\"width: 701px\" class=\"wp-caption aligncenter\"><img loading=\"lazy\" decoding=\"async\" class=\"wp-image-918\" src=\"https:\/\/806.thomaskirche-kalender.de\/wp-content\/uploads\/2019\/06\/26037AD1-8FE5-406C-9101-081E3AE94494-1024x683.jpeg\" alt=\"\" width=\"701\" height=\"467\" srcset=\"https:\/\/806-aphrodite.de\/wp-content\/uploads\/2019\/06\/26037AD1-8FE5-406C-9101-081E3AE94494-1024x683.jpeg 1024w, https:\/\/806-aphrodite.de\/wp-content\/uploads\/2019\/06\/26037AD1-8FE5-406C-9101-081E3AE94494-300x200.jpeg 300w, https:\/\/806-aphrodite.de\/wp-content\/uploads\/2019\/06\/26037AD1-8FE5-406C-9101-081E3AE94494-768x512.jpeg 768w\" sizes=\"auto, (max-width: 701px) 100vw, 701px\" \/><figcaption id=\"caption-attachment-918\" class=\"wp-caption-text\"><em>Der Markt der M\u00f6glichkeiten in Riga<\/em><\/figcaption><\/figure>\n<p>An den Kirschen und dem Honig konnte ich nicht vorbeigehen. <img loading=\"lazy\" decoding=\"async\" class=\"alignleft wp-image-917 \" src=\"https:\/\/806.thomaskirche-kalender.de\/wp-content\/uploads\/2019\/06\/D440BB06-5673-4FDF-BF6B-61E114E4D03C-300x200.jpeg\" alt=\"\" width=\"407\" height=\"272\" srcset=\"https:\/\/806-aphrodite.de\/wp-content\/uploads\/2019\/06\/D440BB06-5673-4FDF-BF6B-61E114E4D03C-300x200.jpeg 300w, https:\/\/806-aphrodite.de\/wp-content\/uploads\/2019\/06\/D440BB06-5673-4FDF-BF6B-61E114E4D03C-768x512.jpeg 768w, https:\/\/806-aphrodite.de\/wp-content\/uploads\/2019\/06\/D440BB06-5673-4FDF-BF6B-61E114E4D03C-1024x683.jpeg 1024w\" sizes=\"auto, (max-width: 407px) 100vw, 407px\" \/>Da bekam ich auch gleich die ganze Familiengeschichte gratis dazu erz\u00e4hlt. Ich muss dringend an meinem Englisch arbeiten war die Erkenntnis daraus. Denn was ihre Kinder nun machen konnte ich nicht nachvollziehen, aber der Honig schmeckte Klasse und er war sehr preiswert.<\/p>\n<figure id=\"attachment_926\" aria-describedby=\"caption-attachment-926\" style=\"width: 699px\" class=\"wp-caption alignnone\"><img loading=\"lazy\" decoding=\"async\" class=\"wp-image-926\" src=\"https:\/\/806.thomaskirche-kalender.de\/wp-content\/uploads\/2019\/06\/7CBABAE0-222D-4E13-AFE7-26196A7D90CF-1024x683.jpeg\" alt=\"\" width=\"699\" height=\"466\" srcset=\"https:\/\/806-aphrodite.de\/wp-content\/uploads\/2019\/06\/7CBABAE0-222D-4E13-AFE7-26196A7D90CF-1024x683.jpeg 1024w, https:\/\/806-aphrodite.de\/wp-content\/uploads\/2019\/06\/7CBABAE0-222D-4E13-AFE7-26196A7D90CF-300x200.jpeg 300w, https:\/\/806-aphrodite.de\/wp-content\/uploads\/2019\/06\/7CBABAE0-222D-4E13-AFE7-26196A7D90CF-768x512.jpeg 768w\" sizes=\"auto, (max-width: 699px) 100vw, 699px\" \/><figcaption id=\"caption-attachment-926\" class=\"wp-caption-text\"><em>Einsam im Hafen von Liepaja<\/em><\/figcaption><\/figure>\n<p>Das Wetter versprach Gutes, so machte ich mich am Sonntag fr\u00fch auf dem Weg nach Ventspil dem n\u00f6rdlichsten Hafen Lettlands. Es waren 63 sm und 12 Stunden, eigentlich nicht schlecht f\u00fcr die <i>Aphrodite<\/i>, aber die k\u00f6rperlichen Anstrengungen und permanent an den Pinne zu steuern zerren an mir. Ein Vogelpaar umkreist mich gerade zwitschernd und schon bin ich weg, ohne richtig hingesehen zu haben, denn die Stellung der Segel verlangen meine Aufmerksamkeit. Bis jetzt ist die Hetze gut gegangen, aber wie lange noch, ist der Kredit an Gl\u00fcck nicht bald aufgebraucht. Ich habe dann endlich einen in mir schon lange keimenden Entschluss gefasst: Ich werde mein Vorhaben nicht weiter verfolgen! Ich merke, dass ich dem nicht k\u00f6rperlich gewachsen bin und nur von einem Hafen zum anderen zu Hetzen ist es mir nicht wert. Und dies geht schon 790 Seemeilen so, immer mit dem schlechten Gewissen in einem Hafen bleiben zu m\u00fcssen, obwohl ich weiter muss. Eigentlich wollte ich auch die Landschaft und Natur genie\u00dfen und die Menschen kennenlernen die hier leben. &nbsp;So werde ich mich nicht mehr dem sportlichen Ehrgeiz die Ostsee zu umrunden aussetzten und den Nordteil mit den langen Schl\u00e4gen aussparten. Damit habe ich mehr Zeit f\u00fcr den S\u00fcden und den Sch\u00e4ren von Finnland und Schweden. Erst jetzt merke ich deutlich kann ich entspannen und werde gleich einmal den morgigen Tag hier in Ventspil verbringen und freue mich auf ein Wiedersehen mit der <i>Keto<\/i>. Ich hoffe ihr k\u00f6nnt meinen Entschluss nachvollziehen.<\/p>\n<figure id=\"attachment_930\" aria-describedby=\"caption-attachment-930\" style=\"width: 699px\" class=\"wp-caption aligncenter\"><img loading=\"lazy\" decoding=\"async\" class=\"wp-image-930\" src=\"https:\/\/806.thomaskirche-kalender.de\/wp-content\/uploads\/2019\/06\/DE4D4B49-E035-4B86-8A86-2FFA4EAC2006-1024x443.jpeg\" alt=\"\" width=\"699\" height=\"303\" srcset=\"https:\/\/806-aphrodite.de\/wp-content\/uploads\/2019\/06\/DE4D4B49-E035-4B86-8A86-2FFA4EAC2006-1024x443.jpeg 1024w, https:\/\/806-aphrodite.de\/wp-content\/uploads\/2019\/06\/DE4D4B49-E035-4B86-8A86-2FFA4EAC2006-300x130.jpeg 300w, https:\/\/806-aphrodite.de\/wp-content\/uploads\/2019\/06\/DE4D4B49-E035-4B86-8A86-2FFA4EAC2006-768x332.jpeg 768w\" sizes=\"auto, (max-width: 699px) 100vw, 699px\" \/><figcaption id=\"caption-attachment-930\" class=\"wp-caption-text\"><em>Hafen von Venspils mit ganz langen Heckleinen<\/em><\/figcaption><\/figure>\n<p>Der Hafen von Ventspil ist nicht wirklich sch\u00f6n. Das er der einzige ist auf dem Weg in die Rigabucht, oder wie ich es vorhabe nach Estland, wissen sie und gestalten die Preise entsprechend. Aber alles sehr freundlichen und hilfsbereit.<br \/>\nBeim Kl\u00f6nschnack mit Petra vom Nachbarboot, die wissen wollte wie meine Erfahrung mit dem russischen Zoll waren, erz\u00e4hlte ich meine Erlebnisse mit dem Drogenhund. Sie sagte nur, dass es doch nachvollziehbar w\u00e4re, so wie ich aussehe. Ich stutze, wir mussten dann beide lachen, da ich ein T-Shirt mit einem Pink Floyd Schriftzug anhatte.<br \/>\nVentspil ist eine typische Stadt f\u00fcr Lettische Verh\u00e4ltnisse. Runtergekommene Holzh\u00e4user treffen auf Wohnsilos aus der russischen Zeit, aber Neubauten und Infrastruktur von der EU unterst\u00fctzt.<\/p>\n<p><img loading=\"lazy\" decoding=\"async\" class=\" wp-image-934 aligncenter\" src=\"https:\/\/806.thomaskirche-kalender.de\/wp-content\/uploads\/2019\/06\/3CF24990-10AC-435A-A5B4-26F1B540ED45-1024x683.jpeg\" alt=\"\" width=\"699\" height=\"466\" srcset=\"https:\/\/806-aphrodite.de\/wp-content\/uploads\/2019\/06\/3CF24990-10AC-435A-A5B4-26F1B540ED45-1024x683.jpeg 1024w, https:\/\/806-aphrodite.de\/wp-content\/uploads\/2019\/06\/3CF24990-10AC-435A-A5B4-26F1B540ED45-300x200.jpeg 300w, https:\/\/806-aphrodite.de\/wp-content\/uploads\/2019\/06\/3CF24990-10AC-435A-A5B4-26F1B540ED45-768x512.jpeg 768w\" sizes=\"auto, (max-width: 699px) 100vw, 699px\" \/><\/p>\n<p>Hier wurde eine Hansekogge im vollen Ma\u00dfstab aus Edelstahl und Wassersegel gebaut. Einfach beeindruckend.<\/p>\n<p><img loading=\"lazy\" decoding=\"async\" class=\" wp-image-935 aligncenter\" src=\"https:\/\/806.thomaskirche-kalender.de\/wp-content\/uploads\/2019\/06\/956EA613-068F-4111-A953-11A595AECE67-1024x683.jpeg\" alt=\"\" width=\"701\" height=\"467\" srcset=\"https:\/\/806-aphrodite.de\/wp-content\/uploads\/2019\/06\/956EA613-068F-4111-A953-11A595AECE67-1024x683.jpeg 1024w, https:\/\/806-aphrodite.de\/wp-content\/uploads\/2019\/06\/956EA613-068F-4111-A953-11A595AECE67-300x200.jpeg 300w, https:\/\/806-aphrodite.de\/wp-content\/uploads\/2019\/06\/956EA613-068F-4111-A953-11A595AECE67-768x512.jpeg 768w\" sizes=\"auto, (max-width: 701px) 100vw, 701px\" \/><\/p>\n<p>Im Supermarkt f\u00fclle ich noch einmal meine Vorr\u00e4te auf, da es in Estland teurer sein soll. Das Angebot von Obst und Gem\u00fcse ist hier sehr bescheiden. Das Superangebot niederl\u00e4ndischer roter Paprika f\u00fcr 2,79\u20ac pro St\u00fcck konnte ich widerstehen. Daf\u00fcr ist Alkohol g\u00fcnstig. Man muss halt Priorit\u00e4ten setzen.<br \/>\nAls ich im Hafen zur\u00fcckkam, hatte die <i>Keto<\/i> angelegt. Ich werde morgen nach Norden zur estl\u00e4ndischen Insel Saaremaa segeln und bin schon ganz gespannt den letzten Baltischen Staat f\u00fcr mich zu erkunden.<\/p>\n<div id=\"sitelock_shield_logo\" class=\"fixed_btm\" style=\"bottom: 0; position: fixed; _position: absolute; right: 0;\"><a href=\"https:\/\/www.sitelock.com\/verify.php?site=thomaskirche-kalender.de\"><img decoding=\"async\" title=\"SiteLock\" src=\"\/\/shield.sitelock.com\/shield\/thomaskirche-kalender.de\" alt=\"malware removal and website security\"><\/a><\/div>\n","protected":false},"excerpt":{"rendered":"<p>Die Wetteraussichten waren fantastisch und es ging los nach Liepaja in Lettland. &nbsp;An dem Kreuzfahrer Queen Victoria vorbei auf die Ostsee. Die litauische K\u00fcstenwache lie\u00df es sich nicht nehmen mit einem Schlauchboot angerast zu kommen, um zu kontrollieren ob ich mich auch ordentlich abgemeldet hatte. Hatte ich und somit &nbsp;konnte ich den achterlich Wind und &hellip; <a href=\"https:\/\/806-aphrodite.de\/?page_id=884\" class=\"more-link\"><span class=\"screen-reader-text\">6- von Klaipeda nach Ventspil<\/span> weiterlesen<\/a><\/p>\n","protected":false},"author":1,"featured_media":0,"parent":613,"menu_order":6,"comment_status":"closed","ping_status":"closed","template":"","meta":{"ngg_post_thumbnail":0,"jetpack_post_was_ever_published":false,"footnotes":""},"class_list":["post-884","page","type-page","status-publish","hentry"],"jetpack_sharing_enabled":true,"_links":{"self":[{"href":"https:\/\/806-aphrodite.de\/index.php?rest_route=\/wp\/v2\/pages\/884","targetHints":{"allow":["GET"]}}],"collection":[{"href":"https:\/\/806-aphrodite.de\/index.php?rest_route=\/wp\/v2\/pages"}],"about":[{"href":"https:\/\/806-aphrodite.de\/index.php?rest_route=\/wp\/v2\/types\/page"}],"author":[{"embeddable":true,"href":"https:\/\/806-aphrodite.de\/index.php?rest_route=\/wp\/v2\/users\/1"}],"replies":[{"embeddable":true,"href":"https:\/\/806-aphrodite.de\/index.php?rest_route=%2Fwp%2Fv2%2Fcomments&post=884"}],"version-history":[{"count":34,"href":"https:\/\/806-aphrodite.de\/index.php?rest_route=\/wp\/v2\/pages\/884\/revisions"}],"predecessor-version":[{"id":1683,"href":"https:\/\/806-aphrodite.de\/index.php?rest_route=\/wp\/v2\/pages\/884\/revisions\/1683"}],"up":[{"embeddable":true,"href":"https:\/\/806-aphrodite.de\/index.php?rest_route=\/wp\/v2\/pages\/613"}],"wp:attachment":[{"href":"https:\/\/806-aphrodite.de\/index.php?rest_route=%2Fwp%2Fv2%2Fmedia&parent=884"}],"curies":[{"name":"wp","href":"https:\/\/api.w.org\/{rel}","templated":true}]}}